{"id":2279,"date":"2025-09-01T19:36:36","date_gmt":"2025-09-01T19:36:36","guid":{"rendered":"https:\/\/metalogenia.org.br\/2025\/?page_id=2279"},"modified":"2025-09-15T20:05:39","modified_gmt":"2025-09-15T20:05:39","slug":"apresentacoes","status":"publish","type":"page","link":"https:\/\/metalogenia.org.br\/2025\/apresentacoes\/","title":{"rendered":"Apresenta\u00e7\u00f5es"},"content":{"rendered":"[et_pb_section fb_built=&#8221;1&#8243; fullwidth=&#8221;on&#8221; _builder_version=&#8221;4.27.4&#8243; _module_preset=&#8221;default&#8221; bottom_divider_color=&#8221;#fbfae8&#8243; bottom_divider_height=&#8221;50px&#8221; global_colors_info=&#8221;{}&#8221;][et_pb_fullwidth_header title=&#8221;APRESENTA\u00c7\u00d5ES&#8221; _builder_version=&#8221;4.27.4&#8243; _module_preset=&#8221;default&#8221; title_font=&#8221;|800|||||||&#8221; title_text_align=&#8221;center&#8221; title_font_size=&#8221;48px&#8221; background_color=&#8221;#157176&#8243; background_image=&#8221;https:\/\/metalogenia.org.br\/2025\/wp-content\/uploads\/2025\/04\/topo-pag-internas.jpg&#8221; custom_padding=&#8221;55px||49px|||&#8221; title_font_size_tablet=&#8221;48px&#8221; title_font_size_phone=&#8221;33px&#8221; title_font_size_last_edited=&#8221;on|phone&#8221; title_text_shadow_style=&#8221;preset2&#8243; global_colors_info=&#8221;{}&#8221;][\/et_pb_fullwidth_header][\/et_pb_section][et_pb_section fb_built=&#8221;1&#8243; _builder_version=&#8221;4.27.4&#8243; _module_preset=&#8221;default&#8221; background_image=&#8221;https:\/\/metalogenia.org.br\/2025\/wp-content\/uploads\/2025\/04\/bg-pedra-claro.jpg&#8221; parallax=&#8221;on&#8221; parallax_method=&#8221;off&#8221; background_blend=&#8221;multiply&#8221; custom_padding=&#8221;0px|||||&#8221; global_colors_info=&#8221;{}&#8221;][et_pb_row _builder_version=&#8221;4.27.4&#8243; _module_preset=&#8221;default&#8221; custom_margin=&#8221;||||false|false&#8221; custom_padding=&#8221;||0px||false|false&#8221; global_colors_info=&#8221;{}&#8221;][et_pb_column type=&#8221;4_4&#8243; _builder_version=&#8221;4.27.4&#8243; _module_preset=&#8221;default&#8221; global_colors_info=&#8221;{}&#8221;][et_pb_divider color=&#8221;#D99848&#8243; divider_weight=&#8221;6px&#8221; _builder_version=&#8221;4.27.4&#8243; _module_preset=&#8221;default&#8221; custom_margin=&#8221;-27px||||false|false&#8221; custom_padding=&#8221;0px||0px||false|false&#8221; global_colors_info=&#8221;{}&#8221;][\/et_pb_divider][\/et_pb_column][\/et_pb_row][et_pb_row _builder_version=&#8221;4.27.4&#8243; _module_preset=&#8221;default&#8221; custom_padding=&#8221;30px||||false|false&#8221; global_colors_info=&#8221;{}&#8221;][et_pb_column type=&#8221;4_4&#8243; _builder_version=&#8221;4.27.4&#8243; _module_preset=&#8221;default&#8221; global_colors_info=&#8221;{}&#8221;][et_pb_text _builder_version=&#8221;4.27.4&#8243; _module_preset=&#8221;default&#8221; link_text_color=&#8221;#157176&#8243; header_text_color=&#8221;#A6672E&#8221; header_2_text_color=&#8221;#A6672E&#8221; header_2_font_size=&#8221;22px&#8221; text_orientation=&#8221;center&#8221; hover_enabled=&#8221;0&#8243; global_colors_info=&#8221;{}&#8221; sticky_enabled=&#8221;0&#8243; module_class=&#8221;cstm-text&#8221;]\n<div class=\"et_pb_module et_pb_text et_pb_text_0  et_pb_text_align_center et_pb_bg_layout_light\">\n<div class=\"et_pb_text_inner\">\n<p><b>:: Clique nos t\u00edtulos abaixo e baixe os PDFs das Apresenta\u00e7\u00f5es ::<\/b><\/p>\n<\/div>\n<\/div>\n<div class=\"et_pb_module et_pb_text et_pb_text_1  et_pb_text_align_left et_pb_bg_layout_light\">\n<div class=\"et_pb_text_inner\">\n<ul>\n<li><a href=\"https:\/\/metalogenia.org.br\/2025\/arquivos\/apresentacoes\/The-roles-of-tectonics---Stephen-Roberts.pdf\" target=\"_blank\" rel=\"noopener\"><strong>The roles of tectonics, time and brine in the origin of the basin-hosted copper-cobalt deposits of the Zambia Copperbelt.<\/strong><\/a><br \/>Stephen Roberts<\/li>\n<li><strong><a href=\"https:\/\/metalogenia.org.br\/2025\/arquivos\/apresentacoes\/Investigations-of-Modern-Vent---Stephen-Roberts.pdf\" target=\"_blank\" rel=\"noopener\">Investigations of Modern Vent Sites and the Feedback Loops Between These Natural Laboratories and Terrestrial VHMS Deposits.<\/a><\/strong><br \/>Stephen Roberts<\/li>\n<li><a href=\"https:\/\/metalogenia.org.br\/2025\/arquivos\/apresentacoes\/Pesquisa-e-Exploracao-de-Pot\u00e1ssio---Webster-Mohriak.pdf\" target=\"_blank\" rel=\"noopener\"><strong>Pesquisa e Explora\u00e7\u00e3o de Pot\u00e1ssio no Brasil<\/strong><\/a><br \/>Webster Mohriak<\/li>\n<li><a href=\"https:\/\/metalogenia.org.br\/2025\/arquivos\/apresentacoes\/Sedimentary-copper-mineral-systems---Leandro-Silva.pdf\" target=\"_blank\" rel=\"noopener\"><strong>Sedimentary copper: mineral systems and its potential in Brazil<\/strong><\/a><br \/>Leandro Silva<\/li>\n<li><a href=\"https:\/\/metalogenia.org.br\/2025\/arquivos\/apresentacoes\/Providing-a-Step-Change---Anicia-Henne.pdf\" target=\"_blank\" rel=\"noopener\"><strong>Providing a Step Change for Soil Analyses and Data Analytics to Enable the Next Generation of Mineral Discoveries<\/strong><\/a><br \/>Anicia Henne<\/li>\n<li><a href=\"https:\/\/metalogenia.org.br\/2025\/arquivos\/apresentacoes\/Depositos-de-ETRs-associados-a-regolitos-no-Brasil---Lucy-Takehara.pdf\" target=\"_blank\" rel=\"noopener\"><strong>Dep\u00f3sitos de ETRs associados a regolitos no Brasil: um novo p\u00f3lo produtor de refer\u00eancia mundial?<\/strong><\/a><br \/>Lucy Takehara<\/li>\n<li>Apresenta\u00e7\u00e3o Oral: <a href=\"https:\/\/metalogenia.org.br\/2025\/arquivos\/apresentacoes\/AO-ANALISE-MORFOLOGICA-DE-GRAOS-DE-OURO.pdf\" target=\"_blank\" rel=\"noopener\"><strong>AN\u00c1LISE MORFOL\u00d3GICA DE GR\u00c3OS DE OURO A PARTIR DA T\u00c9CNICA DE MICROTOMOGRAFIA COMPUTADORIZADA DE RAIOS X<\/strong><\/a><\/li>\n<li>Apresenta\u00e7\u00e3o Oral: <a href=\"https:\/\/metalogenia.org.br\/2025\/arquivos\/apresentacoes\/AO-AREAS-MINERALIZADAS-EM-REE.pdf\" target=\"_blank\" rel=\"noopener\"><strong>\u00c1REAS MINERALIZADAS EM REE, U E SN E SUAS ASSINATURAS AN\u00d4MALAS EM PRODU\u00c7\u00c3O DE CALOR RADIOG\u00caNICO: PROV\u00cdNCIA ESTAN\u00cdFERA DE GOI\u00c1S -PEG<\/strong><\/a><\/li>\n<li>Apresenta\u00e7\u00e3o Oral: <a href=\"https:\/\/metalogenia.org.br\/2025\/arquivos\/apresentacoes\/AO-ARGILAS-IONICAS-ENRIQUECIDAS-EM-ELEMENTOS-TERRAS-RARAS.pdf\" target=\"_blank\" rel=\"noopener\"><strong>ARGILAS I\u00d4NICAS ENRIQUECIDAS EM ELEMENTOS TERRAS RARAS NO GRANITO CAP\u00c3O BONITO (DOM\u00cdNIO APIA\u00cd, SP): DESENVOLVIMENTO DE UMA PROV\u00cdNCIA EM AMBIENTE P\u00d3S-OROG\u00caNICO TROPICAL<\/strong><\/a><\/li>\n<li>Apresenta\u00e7\u00e3o Oral: <a href=\"https:\/\/metalogenia.org.br\/2025\/arquivos\/apresentacoes\/AO-ASPECTOS-GEOQUIMICOS-DAS-ROCHAS-ENCAIXANTES-DA-MINERALIZACAO.pdf\" target=\"_blank\" rel=\"noopener\"><strong>ASPECTOS GEOQU\u00cdMICOS DAS ROCHAS ENCAIXANTES DA MINERALIZA\u00c7\u00c3O DE ZN-PB-AG DO ALVO RAIMUNDINHO, POR\u00c7\u00c3O SUL DA BACIA DE IREC\u00ca, IRAQUARA \u2013 BAHIA<\/strong><\/a><\/li>\n<li>Apresenta\u00e7\u00e3o Oral: <a href=\"https:\/\/metalogenia.org.br\/2025\/arquivos\/apresentacoes\/AO-AVALIACAO-DO-POTENCIAL-DE-POTASSIO-NO-BRASIL.pdf\" target=\"_blank\" rel=\"noopener\"><strong>AVALIA\u00c7\u00c3O DO POTENCIAL DE POT\u00c1SSIO NO BRASIL: BACIAS DO AMAZONAS, SERGIPE- ALAGOAS E NOVA FRENTE EXPLORAT\u00d3RIA<\/strong><\/a><\/li>\n<li>Apresenta\u00e7\u00e3o Oral: <a href=\"https:\/\/metalogenia.org.br\/2025\/arquivos\/apresentacoes\/AO-CARACTERIZACAO-DO-HIDROTERMALISMO-E-DA-MINERALIZACAO-DE-COBRE.pdf\" target=\"_blank\" rel=\"noopener\"><strong>CARACTERIZA\u00c7\u00c3O DO HIDROTERMALISMO E DA MINERALIZA\u00c7\u00c3O DE COBRE DA MINA ANDRADE, CA\u00c7APAVA DO SUL, RIO GRANDE DO SUL.<\/strong><\/a><\/li>\n<li>Apresenta\u00e7\u00e3o Oral: <a href=\"https:\/\/metalogenia.org.br\/2025\/arquivos\/apresentacoes\/AO-DIFFERENT-STYLES-OF-PGE-NI-CU-MINERALIZATION-IN-TH-LUANGA-COMPLEX.pdf\" target=\"_blank\" rel=\"noopener\"><strong>DIFFERENT STYLES OF PGE-NI-CU MINERALIZATION IN THE LUANGA COMPLEX, CARAJ\u00c1S, BRAZIL: A MEETING OF MAGMATIC AND HYDROTHERMAL PROCESSES.<\/strong><\/a><\/li>\n<li>Apresenta\u00e7\u00e3o Oral: <a href=\"https:\/\/metalogenia.org.br\/2025\/arquivos\/apresentacoes\/AO-GEOLOGIA-E-CONTROLE-ESTRUTURAL-DAS-MINERALIZACOES-DE-CU-NI.pdf\" target=\"_blank\" rel=\"noopener\"><strong>GEOLOGIA E CONTROLE ESTRUTURAL DAS MINERALIZA\u00c7\u00d5ES DE CU-NI DA MINA VERMELHOS, NORTE DO VALE DO CURA\u00c7\u00c1 \u2013 BA<\/strong><\/a><\/li>\n<li>Apresenta\u00e7\u00e3o Oral: <a href=\"https:\/\/metalogenia.org.br\/2025\/arquivos\/apresentacoes\/AO-GEOQUIMICA-MULTI-ELEMENTAR-E-ISOTOPICA-DE-C-O-DE-HALO-METASSOMATICO.pdf\" target=\"_blank\" rel=\"noopener\"><strong>GEOQU\u00cdMICA MULTI-ELEMENTAR E ISOT\u00d3PICA DE C-O DE HALO METASSOM\u00c1TICO DESENVOLVIDO NOS M\u00c1RMORES EM CONTATO COM SKARNS DE W-MO DA MINA BREJU\u00cd, FAIXA SERID\u00d3<\/strong><\/a><\/li>\n<li>Apresenta\u00e7\u00e3o Oral: <a href=\"https:\/\/metalogenia.org.br\/2025\/arquivos\/apresentacoes\/AO-PROACTIVE-RECONCILIATION-SYSTEM-APPLIED-TO-UNDERGROUND.pdf\" target=\"_blank\" rel=\"noopener\"><strong>PROACTIVE RECONCILIATION SYSTEM APPLIED TO UNDERGROUND AND OPEN PIT COPPER MINE AT CURA\u00c7\u00c1 VALLEY \u2013 ERO COPPER (NORTHEAST BRAZIL)<\/strong><\/a>\u00a0<\/li>\n<\/ul>\n<\/div>\n<\/div>\n[\/et_pb_text][\/et_pb_column][\/et_pb_row][\/et_pb_section]\n","protected":false},"excerpt":{"rendered":"<p>:: Clique nos t\u00edtulos abaixo e baixe os PDFs das Apresenta\u00e7\u00f5es :: The roles of tectonics, time and brine in the origin of the basin-hosted copper-cobalt deposits of the Zambia Copperbelt.Stephen Roberts Investigations of Modern Vent Sites and the Feedback Loops Between These Natural Laboratories and Terrestrial VHMS Deposits.Stephen Roberts Pesquisa e Explora\u00e7\u00e3o de Pot\u00e1ssio [&hellip;]<\/p>\n","protected":false},"author":1,"featured_media":0,"parent":0,"menu_order":0,"comment_status":"closed","ping_status":"closed","template":"","meta":{"_et_pb_use_builder":"on","_et_pb_old_content":"","_et_gb_content_width":"","footnotes":""},"class_list":["post-2279","page","type-page","status-publish","hentry"],"_links":{"self":[{"href":"https:\/\/metalogenia.org.br\/2025\/wp-json\/wp\/v2\/pages\/2279","targetHints":{"allow":["GET"]}}],"collection":[{"href":"https:\/\/metalogenia.org.br\/2025\/wp-json\/wp\/v2\/pages"}],"about":[{"href":"https:\/\/metalogenia.org.br\/2025\/wp-json\/wp\/v2\/types\/page"}],"author":[{"embeddable":true,"href":"https:\/\/metalogenia.org.br\/2025\/wp-json\/wp\/v2\/users\/1"}],"replies":[{"embeddable":true,"href":"https:\/\/metalogenia.org.br\/2025\/wp-json\/wp\/v2\/comments?post=2279"}],"version-history":[{"count":7,"href":"https:\/\/metalogenia.org.br\/2025\/wp-json\/wp\/v2\/pages\/2279\/revisions"}],"predecessor-version":[{"id":2296,"href":"https:\/\/metalogenia.org.br\/2025\/wp-json\/wp\/v2\/pages\/2279\/revisions\/2296"}],"wp:attachment":[{"href":"https:\/\/metalogenia.org.br\/2025\/wp-json\/wp\/v2\/media?parent=2279"}],"curies":[{"name":"wp","href":"https:\/\/api.w.org\/{rel}","templated":true}]}}