{"id":2261,"date":"2025-08-28T10:58:43","date_gmt":"2025-08-28T10:58:43","guid":{"rendered":"https:\/\/metalogenia.org.br\/2025\/?page_id=2261"},"modified":"2025-08-28T10:58:46","modified_gmt":"2025-08-28T10:58:46","slug":"certificados","status":"publish","type":"page","link":"https:\/\/metalogenia.org.br\/2025\/certificados\/","title":{"rendered":"CERTIFICADOS"},"content":{"rendered":"[et_pb_section fb_built=&#8221;1&#8243; fullwidth=&#8221;on&#8221; _builder_version=&#8221;4.27.4&#8243; _module_preset=&#8221;default&#8221; bottom_divider_color=&#8221;#fbfae8&#8243; bottom_divider_height=&#8221;50px&#8221; global_colors_info=&#8221;{}&#8221; theme_builder_area=&#8221;post_content&#8221;][et_pb_fullwidth_header title=&#8221;CERTIFICADOS&#8221; _builder_version=&#8221;4.27.4&#8243; _module_preset=&#8221;default&#8221; title_font=&#8221;|800|||||||&#8221; title_text_align=&#8221;center&#8221; title_font_size=&#8221;48px&#8221; background_color=&#8221;#157176&#8243; background_image=&#8221;https:\/\/metalogenia.org.br\/2025\/wp-content\/uploads\/2025\/04\/topo-pag-internas.jpg&#8221; custom_padding=&#8221;55px||49px|||&#8221; hover_enabled=&#8221;0&#8243; title_font_size_tablet=&#8221;48px&#8221; title_font_size_phone=&#8221;33px&#8221; title_font_size_last_edited=&#8221;on|phone&#8221; title_text_shadow_style=&#8221;preset2&#8243; global_colors_info=&#8221;{}&#8221; theme_builder_area=&#8221;post_content&#8221; sticky_enabled=&#8221;0&#8243;][\/et_pb_fullwidth_header][\/et_pb_section][et_pb_section fb_built=&#8221;1&#8243; _builder_version=&#8221;4.27.4&#8243; _module_preset=&#8221;default&#8221; background_image=&#8221;https:\/\/metalogenia.org.br\/2025\/wp-content\/uploads\/2025\/04\/bg-pedra-claro.jpg&#8221; parallax=&#8221;on&#8221; parallax_method=&#8221;off&#8221; background_blend=&#8221;multiply&#8221; custom_padding=&#8221;0px|||||&#8221; global_colors_info=&#8221;{}&#8221; theme_builder_area=&#8221;post_content&#8221;][et_pb_row _builder_version=&#8221;4.27.4&#8243; _module_preset=&#8221;default&#8221; custom_margin=&#8221;||||false|false&#8221; custom_padding=&#8221;||0px||false|false&#8221; global_colors_info=&#8221;{}&#8221; theme_builder_area=&#8221;post_content&#8221;][et_pb_column type=&#8221;4_4&#8243; _builder_version=&#8221;4.27.4&#8243; _module_preset=&#8221;default&#8221; global_colors_info=&#8221;{}&#8221; theme_builder_area=&#8221;post_content&#8221;][et_pb_divider color=&#8221;#D99848&#8243; divider_weight=&#8221;6px&#8221; _builder_version=&#8221;4.27.4&#8243; _module_preset=&#8221;default&#8221; custom_margin=&#8221;-27px||||false|false&#8221; custom_padding=&#8221;0px||0px||false|false&#8221; global_colors_info=&#8221;{}&#8221; theme_builder_area=&#8221;post_content&#8221;][\/et_pb_divider][\/et_pb_column][\/et_pb_row][et_pb_row _builder_version=&#8221;4.27.4&#8243; _module_preset=&#8221;default&#8221; width=&#8221;90%&#8221; max_width=&#8221;891px&#8221; custom_margin=&#8221;-25px|auto||auto||&#8221; custom_padding=&#8221;||0px|||&#8221; global_colors_info=&#8221;{}&#8221; theme_builder_area=&#8221;post_content&#8221;][et_pb_column type=&#8221;4_4&#8243; _builder_version=&#8221;4.16&#8243; _module_preset=&#8221;default&#8221; global_colors_info=&#8221;{}&#8221; theme_builder_area=&#8221;post_content&#8221;][et_pb_text disabled_on=&#8221;on|on|on&#8221; _builder_version=&#8221;4.27.4&#8243; _module_preset=&#8221;default&#8221; text_font=&#8221;|600|||||||&#8221; text_font_size=&#8221;17px&#8221; background_color=&#8221;RGBA(255,255,255,0)&#8221; custom_padding=&#8221;56px|||||&#8221; disabled=&#8221;on&#8221; global_colors_info=&#8221;{}&#8221; theme_builder_area=&#8221;post_content&#8221;]\n<div class=\"su-table su-table-alternate\">\n<table style=\"width: 421px\">\n<tbody>\n<tr>\n<td style=\"text-align: center;width: 165px\"><span style=\"color: #008080\"><strong>CATEGORIA<\/strong><\/span><\/td>\n<td style=\"text-align: center;width: 98px\"><span style=\"color: #008080\"><strong>01\/08 A 15\/08\/2025<\/strong><\/span><\/td>\n<td style=\"text-align: center;width: 62px\" bgcolor=\"#F7BC13\"><span style=\"color: #008080\"><strong>NO EVENTO<\/strong><\/span><\/td>\n<\/tr>\n<tr>\n<td style=\"text-align: center;width: 165px\">Profissional<\/td>\n<td style=\"text-align: center;width: 98px\">R$ 870,00<\/td>\n<td style=\"text-align: center;width: 62px\" bgcolor=\"#F7BC13\">R$ 1.045,00<\/td>\n<\/tr>\n<tr>\n<td style=\"text-align: center;width: 165px\">Profissional \u2013 S\u00f3cio da Society of Economic Geologists<\/td>\n<td style=\"text-align: center;width: 98px\">R$ 820,00<\/td>\n<td style=\"text-align: center;width: 62px\" bgcolor=\"#F7BC13\">R$ 980,00<\/td>\n<\/tr>\n<tr>\n<td style=\"text-align: center;width: 165px\">Profissional de empresa associada \u00e0 ADIMB (Pleno\/Nato) 15% desconto<\/td>\n<td style=\"text-align: center;width: 98px\">R$ 738,00<\/td>\n<td style=\"text-align: center;width: 62px\" bgcolor=\"#F7BC13\">R$ 885,00<\/td>\n<\/tr>\n<tr>\n<td style=\"text-align: center;width: 165px\">Profissional de empresa associada \u00e0 ADIMB (Patrono) 25% desconto<\/td>\n<td style=\"text-align: center;width: 98px\">R$ 652,00<\/td>\n<td style=\"text-align: center;width: 62px\" bgcolor=\"#F7BC13\">R$ 780,00<\/td>\n<\/tr>\n<tr>\n<td style=\"text-align: center;width: 165px\">Professores<\/td>\n<td style=\"text-align: center;width: 98px\">R$ 620,00<\/td>\n<td style=\"text-align: center;width: 62px\" bgcolor=\"#F7BC13\">R$ 750,00<\/td>\n<\/tr>\n<tr>\n<td style=\"text-align: center;width: 165px\">Estudante de P\u00f3s-Gradua\u00e7\u00e3o<\/td>\n<td style=\"text-align: center;width: 98px\">R$ 375,00L<\/td>\n<td style=\"text-align: center;width: 62px\" bgcolor=\"#F7BC13\">R$ 420,00<\/td>\n<\/tr>\n<tr>\n<td style=\"text-align: center;width: 165px\">Estudante de P\u00f3s-Gradua\u00e7\u00e3o \u2013 S\u00f3cio da Society of Economic Geologists<\/td>\n<td style=\"text-align: center;width: 98px\">R$ 320,00<\/td>\n<td style=\"text-align: center;width: 62px\" bgcolor=\"#F7BC13\">R$ 360,00<\/td>\n<\/tr>\n<tr>\n<td style=\"text-align: center;width: 165px\">Estudante de Gradua\u00e7\u00e3o<\/td>\n<td style=\"text-align: center;width: 98px\">R$ 230,00<\/td>\n<td style=\"text-align: center;width: 62px\" bgcolor=\"#F7BC13\">R$ 260,00<\/td>\n<\/tr>\n<tr>\n<td style=\"text-align: center;width: 165px\">Estudante de Gradua\u00e7\u00e3o \u2013 S\u00f3cio da Society of Economic Geologists<\/td>\n<td style=\"text-align: center;width: 98px\">R$ 150,00<\/td>\n<td style=\"text-align: center;width: 62px\" bgcolor=\"#F7BC13\">R$ 170,00<\/td>\n<\/tr>\n<tr>\n<td width=\"221\" style=\"width: 165px\">\n<p style=\"text-align: center\">Day Use (18, 19 ou 20\/08)<br \/>(n\u00e3o se aplica para estudantes)<\/p>\n<\/td>\n<td style=\"text-align: center;width: 98px\">R$ 310,00<\/td>\n<td style=\"text-align: center;width: 62px\" bgcolor=\"#F7BC13\">&#8211;<\/td>\n<\/tr>\n<tr>\n<td style=\"text-align: center;width: 165px\">Day Use (17\/08)<br \/>(n\u00e3o se aplica para estudantes)<\/td>\n<td style=\"text-align: center;width: 98px\">R$ 150,00<\/td>\n<td style=\"text-align: center;width: 62px\" bgcolor=\"#F7BC13\">&#8211;<\/td>\n<\/tr>\n<\/tbody>\n<\/table>\n<\/div>\n[\/et_pb_text][\/et_pb_column][\/et_pb_row][et_pb_row _builder_version=&#8221;4.23.1&#8243; _module_preset=&#8221;default&#8221; max_width=&#8221;1358px&#8221; global_colors_info=&#8221;{}&#8221; theme_builder_area=&#8221;post_content&#8221;][et_pb_column type=&#8221;4_4&#8243; _builder_version=&#8221;4.23.1&#8243; _module_preset=&#8221;default&#8221; global_colors_info=&#8221;{}&#8221; theme_builder_area=&#8221;post_content&#8221;][et_pb_text _builder_version=&#8221;4.27.4&#8243; _module_preset=&#8221;default&#8221; theme_builder_area=&#8221;post_content&#8221; text_orientation=&#8221;center&#8221; hover_enabled=&#8221;0&#8243; sticky_enabled=&#8221;0&#8243;]\n<p>Emita seu certificado na \u00c1rea do Inscrito.<\/p>\n[\/et_pb_text][et_pb_button button_url=&#8221;https:\/\/www.hbatools.com.br\/__2016&#8243; url_new_window=&#8221;on&#8221; button_text=&#8221;ACESSE A \u00c1REA DO INSCRITO! CLIQUE AQUI&#8221; button_alignment=&#8221;center&#8221; disabled_on=&#8221;off|off|off&#8221; _builder_version=&#8221;4.27.4&#8243; _module_preset=&#8221;default&#8221; custom_button=&#8221;on&#8221; button_text_size=&#8221;28px&#8221; button_text_color=&#8221;#FFFFFF&#8221; button_bg_color=&#8221;#157176&#8243; button_border_color=&#8221;#157176&#8243; button_border_radius=&#8221;27px&#8221; button_font=&#8221;|700|||||||&#8221; custom_margin=&#8221;14px|||||&#8221; hover_enabled=&#8221;0&#8243; button_text_size_tablet=&#8221;28px&#8221; button_text_size_phone=&#8221;20px&#8221; button_text_size_last_edited=&#8221;on|phone&#8221; global_colors_info=&#8221;{}&#8221; button_text_color__hover_enabled=&#8221;on|hover&#8221; button_text_color__hover=&#8221;#FFFFFF&#8221; button_bg_color__hover_enabled=&#8221;on|hover&#8221; button_bg_color__hover=&#8221;#A6672E&#8221; button_bg_enable_color__hover=&#8221;on&#8221; button_border_color__hover_enabled=&#8221;on|hover&#8221; button_border_color__hover=&#8221;#A6672E&#8221; theme_builder_area=&#8221;post_content&#8221; sticky_enabled=&#8221;0&#8243;][\/et_pb_button][\/et_pb_column][\/et_pb_row][\/et_pb_section]\n","protected":false},"excerpt":{"rendered":"<p><div class=\"su-table su-table-alternate\"><\/div> CATEGORIA 01\/08 A 15\/08\/2025 NO EVENTO Profissional R$ 870,00 R$ 1.045,00 Profissional \u2013 S\u00f3cio da Society of Economic Geologists R$ 820,00 R$ 980,00 Profissional de empresa associada \u00e0 ADIMB (Pleno\/Nato) 15% desconto R$ 738,00 R$ 885,00 Profissional de empresa associada \u00e0 ADIMB (Patrono) 25% desconto R$ 652,00 R$ 780,00 Professores R$ 620,00 R$ [&hellip;]<\/p>\n","protected":false},"author":1,"featured_media":0,"parent":0,"menu_order":0,"comment_status":"closed","ping_status":"closed","template":"","meta":{"_et_pb_use_builder":"on","_et_pb_old_content":"","_et_gb_content_width":"","footnotes":""},"class_list":["post-2261","page","type-page","status-publish","hentry"],"_links":{"self":[{"href":"https:\/\/metalogenia.org.br\/2025\/wp-json\/wp\/v2\/pages\/2261","targetHints":{"allow":["GET"]}}],"collection":[{"href":"https:\/\/metalogenia.org.br\/2025\/wp-json\/wp\/v2\/pages"}],"about":[{"href":"https:\/\/metalogenia.org.br\/2025\/wp-json\/wp\/v2\/types\/page"}],"author":[{"embeddable":true,"href":"https:\/\/metalogenia.org.br\/2025\/wp-json\/wp\/v2\/users\/1"}],"replies":[{"embeddable":true,"href":"https:\/\/metalogenia.org.br\/2025\/wp-json\/wp\/v2\/comments?post=2261"}],"version-history":[{"count":2,"href":"https:\/\/metalogenia.org.br\/2025\/wp-json\/wp\/v2\/pages\/2261\/revisions"}],"predecessor-version":[{"id":2263,"href":"https:\/\/metalogenia.org.br\/2025\/wp-json\/wp\/v2\/pages\/2261\/revisions\/2263"}],"wp:attachment":[{"href":"https:\/\/metalogenia.org.br\/2025\/wp-json\/wp\/v2\/media?parent=2261"}],"curies":[{"name":"wp","href":"https:\/\/api.w.org\/{rel}","templated":true}]}}