{"id":22,"date":"2023-11-20T11:48:22","date_gmt":"2023-11-20T11:48:22","guid":{"rendered":"https:\/\/simexmin.org.br\/2024\/?page_id=22"},"modified":"2025-06-18T20:47:09","modified_gmt":"2025-06-18T20:47:09","slug":"regras-de-submissao","status":"publish","type":"page","link":"https:\/\/metalogenia.org.br\/2025\/regras-de-submissao\/","title":{"rendered":"Regras de submiss\u00e3o"},"content":{"rendered":"[et_pb_section fb_built=&#8221;1&#8243; fullwidth=&#8221;on&#8221; _builder_version=&#8221;4.27.4&#8243; _module_preset=&#8221;default&#8221; bottom_divider_color=&#8221;#fbfae8&#8243; bottom_divider_height=&#8221;50px&#8221; global_colors_info=&#8221;{}&#8221;][et_pb_fullwidth_header title=&#8221;REGRAS DE SUBMISS\u00c3O&#8221; _builder_version=&#8221;4.27.4&#8243; _module_preset=&#8221;default&#8221; title_font=&#8221;|800|||||||&#8221; title_text_align=&#8221;center&#8221; title_font_size=&#8221;48px&#8221; background_color=&#8221;#157176&#8243; background_image=&#8221;https:\/\/metalogenia.org.br\/2025\/wp-content\/uploads\/2025\/04\/topo-pag-internas.jpg&#8221; custom_padding=&#8221;55px||49px|||&#8221; title_font_size_tablet=&#8221;48px&#8221; title_font_size_phone=&#8221;33px&#8221; title_font_size_last_edited=&#8221;on|phone&#8221; title_text_shadow_style=&#8221;preset2&#8243; global_colors_info=&#8221;{}&#8221;][\/et_pb_fullwidth_header][\/et_pb_section][et_pb_section fb_built=&#8221;1&#8243; _builder_version=&#8221;4.27.4&#8243; _module_preset=&#8221;default&#8221; background_image=&#8221;https:\/\/metalogenia.org.br\/2025\/wp-content\/uploads\/2025\/04\/bg-pedra-claro.jpg&#8221; parallax=&#8221;on&#8221; parallax_method=&#8221;off&#8221; background_blend=&#8221;multiply&#8221; custom_padding=&#8221;0px|||||&#8221; global_colors_info=&#8221;{}&#8221;][et_pb_row _builder_version=&#8221;4.27.4&#8243; _module_preset=&#8221;default&#8221; custom_margin=&#8221;||||false|false&#8221; custom_padding=&#8221;||0px||false|false&#8221; global_colors_info=&#8221;{}&#8221;][et_pb_column type=&#8221;4_4&#8243; _builder_version=&#8221;4.27.4&#8243; _module_preset=&#8221;default&#8221; global_colors_info=&#8221;{}&#8221;][et_pb_divider color=&#8221;#D99848&#8243; divider_weight=&#8221;6px&#8221; _builder_version=&#8221;4.27.4&#8243; _module_preset=&#8221;default&#8221; custom_margin=&#8221;-27px||||false|false&#8221; custom_padding=&#8221;0px||0px||false|false&#8221; global_colors_info=&#8221;{}&#8221;][\/et_pb_divider][\/et_pb_column][\/et_pb_row][et_pb_row disabled_on=&#8221;off|off|off&#8221; _builder_version=&#8221;4.25.1&#8243; _module_preset=&#8221;default&#8221; custom_padding=&#8221;||0px|||&#8221; global_colors_info=&#8221;{}&#8221;][et_pb_column type=&#8221;4_4&#8243; _builder_version=&#8221;4.23.1&#8243; _module_preset=&#8221;default&#8221; global_colors_info=&#8221;{}&#8221;][et_pb_text _builder_version=&#8221;4.27.4&#8243; _module_preset=&#8221;default&#8221; header_2_text_color=&#8221;#A6672E&#8221; global_colors_info=&#8221;{}&#8221;]\n<h2>IMPORTANTE:<\/h2>\n[\/et_pb_text][\/et_pb_column][\/et_pb_row][et_pb_row _builder_version=&#8221;4.27.4&#8243; _module_preset=&#8221;default&#8221; global_colors_info=&#8221;{}&#8221;][et_pb_column type=&#8221;4_4&#8243; _builder_version=&#8221;4.27.4&#8243; _module_preset=&#8221;default&#8221; global_colors_info=&#8221;{}&#8221;][et_pb_text _builder_version=&#8221;4.27.4&#8243; _module_preset=&#8221;default&#8221; custom_margin=&#8221;||2px|||&#8221; custom_padding=&#8221;||0px|||&#8221; global_colors_info=&#8221;{}&#8221;]\n<p>Para enviar o seu trabalho \u00e9 necess\u00e1rio primeiro se inscrever via link abaixo.<\/p>\n<p>O pagamento de taxa de inscri\u00e7\u00e3o n\u00e3o \u00e9 obrigat\u00f3rio para submiss\u00e3o de trabalhos. No entanto, em caso de n\u00e3o pagamento da taxa de Inscri\u00e7\u00e3o, o trabalho n\u00e3o poder\u00e1 ser apresentado no evento e o resumo n\u00e3o ser\u00e1 publicado nos Anais. <\/p>\n<p><strong style=\"font-size: 19px;\"><\/strong><\/p>\n<p><span style=\"color: #157176;\"><strong style=\"font-size: 19px;\">As submiss\u00f5es dever\u00e3o observar as orienta\u00e7\u00f5es a seguir:<\/strong><\/span><\/p>\n<ol><\/ol>\n[\/et_pb_text][et_pb_text ol_position=&#8221;outside&#8221; ol_item_indent=&#8221;22px&#8221; module_class=&#8221;custom-list&#8221; _builder_version=&#8221;4.27.4&#8243; _module_preset=&#8221;default&#8221; link_font=&#8221;|700|on||on||||&#8221; link_text_color=&#8221;#A6672E&#8221; custom_margin=&#8221;||-1px|||&#8221; custom_padding=&#8221;||0px|||&#8221; hover_enabled=&#8221;0&#8243; global_colors_info=&#8221;{}&#8221; sticky_enabled=&#8221;0&#8243;]\n<ol>\n<li>Toda a comunica\u00e7\u00e3o entre autores(as) e a organiza\u00e7\u00e3o do Evento ocorrer\u00e1 atrav\u00e9s da plataforma que consta neste site, onde est\u00e3o dispon\u00edveis os campos de identifica\u00e7\u00e3o e as instru\u00e7\u00f5es para o encaminhamento de arquivo eletr\u00f4nico com o resumo.<\/li>\n<li>Cada autor(as) inscrito(as) poder\u00e1 enviar at\u00e9 02 (dois) resumos como por autor(a) principal.<\/li>\n<li>Os resumos poder\u00e3o ser enviados em portugu\u00eas ou ingl\u00eas;<\/li>\n<li>O(a) autor(a) principal dever\u00e1 submeter o trabalho vinculado a uma das \u00e1reas tem\u00e1ticas dentre as op\u00e7\u00f5es dispon\u00edveis na plataforma de inscri\u00e7\u00e3o e escolher a forma de apresenta\u00e7\u00e3o de prefer\u00eancia (oral ou p\u00f4ster). O Comit\u00ea Cient\u00edfico dar\u00e1 prioridade \u00e0 \u00e1rea tem\u00e1tica escolhida pelo(a) autor(a) e levar\u00e1 em considera\u00e7\u00e3o a forma de apresenta\u00e7\u00e3o solicitada, mas reserva-se o direito de alterar caso seja necess\u00e1rio;<\/li>\n<li>Ser\u00e3o apresentados e publicados nos anais, somente os trabalhos aprovados pelo Comit\u00ea Cient\u00edfico e com taxa de inscri\u00e7\u00e3o paga pelo autor(a)\/coautor(a) indicado como apresentador;<\/li>\n<li>Um certificado de trabalho aceito ser\u00e1 disponibilizado on-line para o conjunto dos (a) autores (a);<\/li>\n<li>N\u00e3o ser\u00e3o aceitos resumos incompletos ou provis\u00f3rios;<\/li>\n<li>O envio do resumo e sua inscri\u00e7\u00e3o no Simp\u00f3sio representam o compromisso dos (a) autores(a) com sua apresenta\u00e7\u00e3o no evento, desde que a aceita\u00e7\u00e3o seja confirmada pelo Comit\u00ea Cient\u00edfico;<\/li>\n<li>Os(a) autores(a) autorizam a publica\u00e7\u00e3o dos trabalhos nos Anais do Simp\u00f3sio, sem fazerem jus a qualquer remunera\u00e7\u00e3o por direito autoral.<\/li>\n<li>Os resumos que n\u00e3o estiverem de acordo com as Normas de Submiss\u00e3o do Evento ser\u00e3o automaticamente recusados.<\/li>\n<\/ol>\n[\/et_pb_text][et_pb_text _builder_version=&#8221;4.27.4&#8243; _module_preset=&#8221;default&#8221; link_font=&#8221;|700|on||on||||&#8221; link_text_color=&#8221;#A6672E&#8221; custom_margin=&#8221;||53px|||&#8221; global_colors_info=&#8221;{}&#8221;]\n<p><span style=\"color: #157176;\"><strong>FORMATA\u00c7\u00c3O PARA SUBMISS\u00c3O DOS TRABALHOS<\/strong><\/span><\/p>\n<p>Os trabalhos dever\u00e3o ser enviados na forma de resumo simples (m\u00ednimo de 2000 caracteres e m\u00e1ximo de 3500 caracteres (com espa\u00e7o), texto corrido (sem par\u00e1grafos) e justificado, com espa\u00e7amento de 1,15, fonte Arial, tamanho 11 (exceto quando especificado outros tamanhos no modelo). O texto deve ser escrito utilizando o template disponibilizado, em editor de texto Word para Windows.<\/p>\n<p>No resumo devem constar o t\u00edtulo (letras mai\u00fasculas em negrito e centralizado), autores(as) com afilia\u00e7\u00f5es (o nome do(a) apresentador(a) deve estar sublinhado), o texto referente ao resumo e os agradecimentos ao final (opcional). No texto devem ser abordados os itens introdu\u00e7\u00e3o, objetivos, materiais e m\u00e9todo resultados, discuss\u00e3o e conclus\u00f5es. N\u00e3o incluir nem tabelas, nem figuras e nem refer\u00eancias.<\/p>\n<p style=\"text-align: center;\"><a href=\"https:\/\/metalogenia.org.br\/2025\/wp-content\/uploads\/2025\/04\/Template_VI-SBM.docx\" target=\"_blank\" rel=\"noopener\">Veja o modelo de Template de Formata\u00e7\u00e3o do Resumo Simples<\/a><\/p>\n[\/et_pb_text][et_pb_button button_url=&#8221;https:\/\/www.hbatools.com.br\/__2022&#8243; url_new_window=&#8221;on&#8221; button_text=&#8221;CLIQUE AQUI PARA SUBMETER SEU TRABALHO&#8221; button_alignment=&#8221;center&#8221; disabled_on=&#8221;off|off|off&#8221; _builder_version=&#8221;4.27.4&#8243; _module_preset=&#8221;default&#8221; custom_button=&#8221;on&#8221; button_text_size=&#8221;28px&#8221; button_text_color=&#8221;#FFFFFF&#8221; button_bg_color=&#8221;#157176&#8243; button_border_color=&#8221;#157176&#8243; button_border_radius=&#8221;27px&#8221; button_font=&#8221;|700|||||||&#8221; custom_margin=&#8221;14px|||||&#8221; button_text_size_tablet=&#8221;28px&#8221; button_text_size_phone=&#8221;20px&#8221; button_text_size_last_edited=&#8221;on|phone&#8221; global_colors_info=&#8221;{}&#8221; button_text_color__hover_enabled=&#8221;on|hover&#8221; button_text_color__hover=&#8221;#FFFFFF&#8221; button_bg_color__hover_enabled=&#8221;on|hover&#8221; button_bg_color__hover=&#8221;#A6672E&#8221; button_bg_enable_color__hover=&#8221;on&#8221; button_border_color__hover_enabled=&#8221;on|hover&#8221; button_border_color__hover=&#8221;#A6672E&#8221;][\/et_pb_button][et_pb_button button_url=&#8221;https:\/\/www.hbatools.com.br\/LoginAreaInscrito\/Login\/2252&#8243; url_new_window=&#8221;on&#8221; button_text=&#8221;ACOMPANHE O STATUS DO TRABALHO J\u00c1 SUBMETIDO&#8221; button_alignment=&#8221;center&#8221; disabled_on=&#8221;off|off|off&#8221; _builder_version=&#8221;4.27.4&#8243; _module_preset=&#8221;default&#8221; custom_button=&#8221;on&#8221; button_text_size=&#8221;28px&#8221; button_text_color=&#8221;#FFFFFF&#8221; button_bg_color=&#8221;#A6672E&#8221; button_border_color=&#8221;#A6672E&#8221; button_border_radius=&#8221;27px&#8221; button_font=&#8221;|700|||||||&#8221; custom_margin=&#8221;14px|||||&#8221; button_text_size_tablet=&#8221;28px&#8221; button_text_size_phone=&#8221;20px&#8221; button_text_size_last_edited=&#8221;on|phone&#8221; global_colors_info=&#8221;{}&#8221; button_text_color__hover_enabled=&#8221;on|hover&#8221; button_text_color__hover=&#8221;#FFFFFF&#8221; button_bg_color__hover_enabled=&#8221;on|hover&#8221; button_bg_color__hover=&#8221;#157176&#8243; button_bg_enable_color__hover=&#8221;on&#8221; button_border_color__hover_enabled=&#8221;on|hover&#8221; button_border_color__hover=&#8221;#157176&#8243;][\/et_pb_button][\/et_pb_column][\/et_pb_row][\/et_pb_section]\n","protected":false},"excerpt":{"rendered":"<p>IMPORTANTE:Para enviar o seu trabalho \u00e9 necess\u00e1rio primeiro se inscrever via link abaixo. O pagamento de taxa de inscri\u00e7\u00e3o n\u00e3o \u00e9 obrigat\u00f3rio para submiss\u00e3o de trabalhos. No entanto, em caso de n\u00e3o pagamento da taxa de Inscri\u00e7\u00e3o, o trabalho n\u00e3o poder\u00e1 ser apresentado no evento e o resumo n\u00e3o ser\u00e1 publicado nos Anais. As submiss\u00f5es [&hellip;]<\/p>\n","protected":false},"author":1,"featured_media":0,"parent":0,"menu_order":0,"comment_status":"closed","ping_status":"closed","template":"","meta":{"_et_pb_use_builder":"on","_et_pb_old_content":"","_et_gb_content_width":"","footnotes":""},"class_list":["post-22","page","type-page","status-publish","hentry"],"_links":{"self":[{"href":"https:\/\/metalogenia.org.br\/2025\/wp-json\/wp\/v2\/pages\/22","targetHints":{"allow":["GET"]}}],"collection":[{"href":"https:\/\/metalogenia.org.br\/2025\/wp-json\/wp\/v2\/pages"}],"about":[{"href":"https:\/\/metalogenia.org.br\/2025\/wp-json\/wp\/v2\/types\/page"}],"author":[{"embeddable":true,"href":"https:\/\/metalogenia.org.br\/2025\/wp-json\/wp\/v2\/users\/1"}],"replies":[{"embeddable":true,"href":"https:\/\/metalogenia.org.br\/2025\/wp-json\/wp\/v2\/comments?post=22"}],"version-history":[{"count":22,"href":"https:\/\/metalogenia.org.br\/2025\/wp-json\/wp\/v2\/pages\/22\/revisions"}],"predecessor-version":[{"id":1450,"href":"https:\/\/metalogenia.org.br\/2025\/wp-json\/wp\/v2\/pages\/22\/revisions\/1450"}],"wp:attachment":[{"href":"https:\/\/metalogenia.org.br\/2025\/wp-json\/wp\/v2\/media?parent=22"}],"curies":[{"name":"wp","href":"https:\/\/api.w.org\/{rel}","templated":true}]}}