{"id":200,"date":"2023-11-22T17:06:50","date_gmt":"2023-11-22T17:06:50","guid":{"rendered":"https:\/\/simexmin.org.br\/2024\/?page_id=200"},"modified":"2025-04-16T19:10:23","modified_gmt":"2025-04-16T19:10:23","slug":"areas-tematicas","status":"publish","type":"page","link":"https:\/\/metalogenia.org.br\/2025\/areas-tematicas\/","title":{"rendered":"\u00c1reas tem\u00e1ticas"},"content":{"rendered":"[et_pb_section fb_built=&#8221;1&#8243; fullwidth=&#8221;on&#8221; _builder_version=&#8221;4.27.4&#8243; _module_preset=&#8221;default&#8221; bottom_divider_color=&#8221;#fbfae8&#8243; bottom_divider_height=&#8221;50px&#8221; global_colors_info=&#8221;{}&#8221;][et_pb_fullwidth_header title=&#8221;\u00c1REAS TEM\u00c1TICAS&#8221; _builder_version=&#8221;4.27.4&#8243; _module_preset=&#8221;default&#8221; title_font=&#8221;|800|||||||&#8221; title_text_align=&#8221;center&#8221; title_font_size=&#8221;48px&#8221; background_color=&#8221;#157176&#8243; background_image=&#8221;https:\/\/metalogenia.org.br\/2025\/wp-content\/uploads\/2025\/04\/topo-pag-internas.jpg&#8221; custom_padding=&#8221;55px||49px|||&#8221; title_font_size_tablet=&#8221;48px&#8221; title_font_size_phone=&#8221;33px&#8221; title_font_size_last_edited=&#8221;on|phone&#8221; title_text_shadow_style=&#8221;preset2&#8243; global_colors_info=&#8221;{}&#8221;][\/et_pb_fullwidth_header][\/et_pb_section][et_pb_section fb_built=&#8221;1&#8243; _builder_version=&#8221;4.27.4&#8243; _module_preset=&#8221;default&#8221; background_image=&#8221;https:\/\/metalogenia.org.br\/2025\/wp-content\/uploads\/2025\/04\/bg-pedra-claro.jpg&#8221; parallax=&#8221;on&#8221; parallax_method=&#8221;off&#8221; background_blend=&#8221;multiply&#8221; custom_padding=&#8221;0px|||||&#8221; global_colors_info=&#8221;{}&#8221;][et_pb_row _builder_version=&#8221;4.27.4&#8243; _module_preset=&#8221;default&#8221; custom_margin=&#8221;||||false|false&#8221; custom_padding=&#8221;||0px||false|false&#8221; global_colors_info=&#8221;{}&#8221;][et_pb_column type=&#8221;4_4&#8243; _builder_version=&#8221;4.27.4&#8243; _module_preset=&#8221;default&#8221; global_colors_info=&#8221;{}&#8221;][et_pb_divider color=&#8221;#D99848&#8243; divider_weight=&#8221;6px&#8221; _builder_version=&#8221;4.27.4&#8243; _module_preset=&#8221;default&#8221; custom_margin=&#8221;-27px||||false|false&#8221; custom_padding=&#8221;0px||0px||false|false&#8221; global_colors_info=&#8221;{}&#8221;][\/et_pb_divider][\/et_pb_column][\/et_pb_row][et_pb_row disabled_on=&#8221;off|off|off&#8221; _builder_version=&#8221;4.25.1&#8243; _module_preset=&#8221;default&#8221; global_colors_info=&#8221;{}&#8221;][et_pb_column type=&#8221;4_4&#8243; _builder_version=&#8221;4.23.1&#8243; _module_preset=&#8221;default&#8221; global_colors_info=&#8221;{}&#8221;][et_pb_text _builder_version=&#8221;4.27.4&#8243; _module_preset=&#8221;default&#8221; global_colors_info=&#8221;{}&#8221;]\n<p>As sess\u00f5es tem\u00e1ticas est\u00e3o organizadas para abranger os diferentes assuntos a serem discutidos no VI Simp\u00f3sio Brasileiro de Metalogenia.<\/p>\n<p>As sess\u00f5es ser\u00e3o coordenadas por membros do Comit\u00ea Executivo e Cient\u00edfico e objetivam apresentar as contribui\u00e7\u00f5es cient\u00edficas, inova\u00e7\u00f5es e avan\u00e7os de conhecimento em \u00e1reas de interesse mineral produzidas pela universidade, institui\u00e7\u00f5es de pesquisa, e ind\u00fastria.<\/p>\n<p>Os trabalhos poder\u00e3o ser destinados a apresenta\u00e7\u00f5es orais ou p\u00f4ster. A sess\u00e3o p\u00f4ster ocupar\u00e1 tempo e espa\u00e7o privilegiado para estimular maior integra\u00e7\u00e3o e discuss\u00f5es entre os participantes.<\/p>\n[\/et_pb_text][et_pb_text ol_type=&#8221;upper-roman&#8221; ol_position=&#8221;outside&#8221; ol_item_indent=&#8221;12px&#8221; module_class=&#8221;custom-list&#8221; _builder_version=&#8221;4.27.4&#8243; _module_preset=&#8221;default&#8221; text_font=&#8221;|700|||||||&#8221; text_text_color=&#8221;#157176&#8243; text_font_size=&#8221;22px&#8221; ol_line_height=&#8221;1.3em&#8221; global_colors_info=&#8221;{}&#8221;]\n<ol>\n<li>Dep\u00f3sitos de minerais da transi\u00e7\u00e3o energ\u00e9tica e seguran\u00e7a alimentar: da g\u00eanese ao beneficiamento<\/li>\n<li>Avan\u00e7os na caracteriza\u00e7\u00e3o tecnol\u00f3gica de min\u00e9rios e na economia circular aplicada \u00e0 pesquisa e produ\u00e7\u00e3o mineral<\/li>\n<li>A evolu\u00e7\u00e3o de sistemas minerais em prov\u00edncias metalogen\u00e9ticas do Brasil<\/li>\n<li>Dep\u00f3sitos minerais associados a sistemas magm\u00e1ticos, magm\u00e1ticos-hidrotermais e hidrotermais<\/li>\n<li>Ferramentas anal\u00edticas modernas e de quantifica\u00e7\u00e3o em Geoci\u00eancias para o estudo de processos geol\u00f3gicos e prospec\u00e7\u00e3o de dep\u00f3sitos minerais<\/li>\n<li>Novas fronteiras na descoberta de dep\u00f3sitos minerais: desafios geol\u00f3gicos e tecnol\u00f3gicos<\/li>\n<\/ol>\n[\/et_pb_text][et_pb_button button_url=&#8221;https:\/\/www.hbatools.com.br\/__2022&#8243; url_new_window=&#8221;on&#8221; button_text=&#8221;CLIQUE AQUI PARA SUBMETER SEU TRABALHO&#8221; button_alignment=&#8221;center&#8221; disabled_on=&#8221;off|off|off&#8221; _builder_version=&#8221;4.27.4&#8243; _module_preset=&#8221;default&#8221; custom_button=&#8221;on&#8221; button_text_size=&#8221;28px&#8221; button_text_color=&#8221;#FFFFFF&#8221; button_bg_color=&#8221;#157176&#8243; button_border_color=&#8221;#157176&#8243; button_border_radius=&#8221;27px&#8221; button_font=&#8221;|700|||||||&#8221; custom_margin=&#8221;14px|||||&#8221; hover_enabled=&#8221;0&#8243; button_text_size_tablet=&#8221;28px&#8221; button_text_size_phone=&#8221;20px&#8221; button_text_size_last_edited=&#8221;on|phone&#8221; global_colors_info=&#8221;{}&#8221; button_text_color__hover_enabled=&#8221;on|hover&#8221; button_text_color__hover=&#8221;#FFFFFF&#8221; button_bg_color__hover_enabled=&#8221;on|hover&#8221; button_bg_color__hover=&#8221;#A6672E&#8221; button_bg_enable_color__hover=&#8221;on&#8221; button_border_color__hover_enabled=&#8221;on|hover&#8221; button_border_color__hover=&#8221;#A6672E&#8221; sticky_enabled=&#8221;0&#8243;][\/et_pb_button][et_pb_button button_url=&#8221;https:\/\/www.hbatools.com.br\/LoginAreaInscrito\/Login\/2252&#8243; url_new_window=&#8221;on&#8221; button_text=&#8221;ACOMPANHE O STATUS DO TRABALHO J\u00c1 SUBMETIDO&#8221; button_alignment=&#8221;center&#8221; disabled_on=&#8221;off|off|off&#8221; _builder_version=&#8221;4.27.4&#8243; _module_preset=&#8221;default&#8221; custom_button=&#8221;on&#8221; button_text_size=&#8221;28px&#8221; button_text_color=&#8221;#FFFFFF&#8221; button_bg_color=&#8221;#A6672E&#8221; button_border_color=&#8221;#A6672E&#8221; button_border_radius=&#8221;27px&#8221; button_font=&#8221;|700|||||||&#8221; custom_margin=&#8221;14px|||||&#8221; hover_enabled=&#8221;0&#8243; button_text_size_tablet=&#8221;28px&#8221; button_text_size_phone=&#8221;20px&#8221; button_text_size_last_edited=&#8221;on|phone&#8221; global_colors_info=&#8221;{}&#8221; button_text_color__hover_enabled=&#8221;on|hover&#8221; button_text_color__hover=&#8221;#FFFFFF&#8221; button_bg_color__hover_enabled=&#8221;on|hover&#8221; button_bg_color__hover=&#8221;#157176&#8243; button_bg_enable_color__hover=&#8221;on&#8221; button_border_color__hover_enabled=&#8221;on|hover&#8221; button_border_color__hover=&#8221;#157176&#8243; sticky_enabled=&#8221;0&#8243;][\/et_pb_button][\/et_pb_column][\/et_pb_row][\/et_pb_section]\n","protected":false},"excerpt":{"rendered":"<p>As sess\u00f5es tem\u00e1ticas est\u00e3o organizadas para abranger os diferentes assuntos a serem discutidos no VI Simp\u00f3sio Brasileiro de Metalogenia. As sess\u00f5es ser\u00e3o coordenadas por membros do Comit\u00ea Executivo e Cient\u00edfico e objetivam apresentar as contribui\u00e7\u00f5es cient\u00edficas, inova\u00e7\u00f5es e avan\u00e7os de conhecimento em \u00e1reas de interesse mineral produzidas pela universidade, institui\u00e7\u00f5es de pesquisa, e ind\u00fastria. Os [&hellip;]<\/p>\n","protected":false},"author":1,"featured_media":0,"parent":0,"menu_order":0,"comment_status":"closed","ping_status":"closed","template":"","meta":{"_et_pb_use_builder":"on","_et_pb_old_content":"","_et_gb_content_width":"","footnotes":""},"class_list":["post-200","page","type-page","status-publish","hentry"],"_links":{"self":[{"href":"https:\/\/metalogenia.org.br\/2025\/wp-json\/wp\/v2\/pages\/200","targetHints":{"allow":["GET"]}}],"collection":[{"href":"https:\/\/metalogenia.org.br\/2025\/wp-json\/wp\/v2\/pages"}],"about":[{"href":"https:\/\/metalogenia.org.br\/2025\/wp-json\/wp\/v2\/types\/page"}],"author":[{"embeddable":true,"href":"https:\/\/metalogenia.org.br\/2025\/wp-json\/wp\/v2\/users\/1"}],"replies":[{"embeddable":true,"href":"https:\/\/metalogenia.org.br\/2025\/wp-json\/wp\/v2\/comments?post=200"}],"version-history":[{"count":21,"href":"https:\/\/metalogenia.org.br\/2025\/wp-json\/wp\/v2\/pages\/200\/revisions"}],"predecessor-version":[{"id":1325,"href":"https:\/\/metalogenia.org.br\/2025\/wp-json\/wp\/v2\/pages\/200\/revisions\/1325"}],"wp:attachment":[{"href":"https:\/\/metalogenia.org.br\/2025\/wp-json\/wp\/v2\/media?parent=200"}],"curies":[{"name":"wp","href":"https:\/\/api.w.org\/{rel}","templated":true}]}}