{"id":1406,"date":"2025-06-03T16:58:07","date_gmt":"2025-06-03T16:58:07","guid":{"rendered":"https:\/\/metalogenia.org.br\/2025\/?page_id=1406"},"modified":"2025-08-13T19:03:20","modified_gmt":"2025-08-13T19:03:20","slug":"minicursos","status":"publish","type":"page","link":"https:\/\/metalogenia.org.br\/2025\/minicursos\/","title":{"rendered":"MINICURSOS"},"content":{"rendered":"[et_pb_section fb_built=&#8221;1&#8243; fullwidth=&#8221;on&#8221; _builder_version=&#8221;4.27.4&#8243; _module_preset=&#8221;default&#8221; bottom_divider_color=&#8221;#fbfae8&#8243; bottom_divider_height=&#8221;50px&#8221; global_colors_info=&#8221;{}&#8221;][et_pb_fullwidth_header title=&#8221;MINICURSOS&#8221; _builder_version=&#8221;4.27.4&#8243; _module_preset=&#8221;default&#8221; title_font=&#8221;|800|||||||&#8221; title_text_align=&#8221;center&#8221; title_font_size=&#8221;48px&#8221; background_color=&#8221;#157176&#8243; background_image=&#8221;https:\/\/metalogenia.org.br\/2025\/wp-content\/uploads\/2025\/04\/topo-pag-internas.jpg&#8221; custom_padding=&#8221;55px||49px|||&#8221; title_font_size_tablet=&#8221;48px&#8221; title_font_size_phone=&#8221;33px&#8221; title_font_size_last_edited=&#8221;on|phone&#8221; title_text_shadow_style=&#8221;preset2&#8243; global_colors_info=&#8221;{}&#8221;][\/et_pb_fullwidth_header][\/et_pb_section][et_pb_section fb_built=&#8221;1&#8243; _builder_version=&#8221;4.27.4&#8243; _module_preset=&#8221;default&#8221; background_image=&#8221;https:\/\/metalogenia.org.br\/2025\/wp-content\/uploads\/2025\/04\/bg-pedra-claro.jpg&#8221; parallax=&#8221;on&#8221; parallax_method=&#8221;off&#8221; background_blend=&#8221;multiply&#8221; custom_padding=&#8221;0px|||||&#8221; global_colors_info=&#8221;{}&#8221;][et_pb_row _builder_version=&#8221;4.27.4&#8243; _module_preset=&#8221;default&#8221; custom_margin=&#8221;||||false|false&#8221; custom_padding=&#8221;||0px||false|false&#8221; global_colors_info=&#8221;{}&#8221;][et_pb_column type=&#8221;4_4&#8243; _builder_version=&#8221;4.27.4&#8243; _module_preset=&#8221;default&#8221; global_colors_info=&#8221;{}&#8221;][et_pb_divider color=&#8221;#D99848&#8243; divider_weight=&#8221;6px&#8221; _builder_version=&#8221;4.27.4&#8243; _module_preset=&#8221;default&#8221; custom_margin=&#8221;-27px||||false|false&#8221; custom_padding=&#8221;0px||0px||false|false&#8221; global_colors_info=&#8221;{}&#8221;][\/et_pb_divider][\/et_pb_column][\/et_pb_row][et_pb_row _builder_version=&#8221;4.27.4&#8243; _module_preset=&#8221;default&#8221; global_colors_info=&#8221;{}&#8221;][et_pb_column type=&#8221;4_4&#8243; _builder_version=&#8221;4.27.4&#8243; _module_preset=&#8221;default&#8221; global_colors_info=&#8221;{}&#8221;][et_pb_text _builder_version=&#8221;4.27.4&#8243; _module_preset=&#8221;default&#8221; global_colors_info=&#8221;{}&#8221;]\n<p>Veja abaixo os minicursos oferecidos pr\u00e9-Simp\u00f3sio. Os minicursos ser\u00e3o ministrados por Palestrantes Acad\u00eamicos e da Ind\u00fastria.<\/p>\n[\/et_pb_text][\/et_pb_column][\/et_pb_row][et_pb_row column_structure=&#8221;1_4,3_4&#8243; use_custom_gutter=&#8221;on&#8221; gutter_width=&#8221;2&#8243; _builder_version=&#8221;4.27.4&#8243; _module_preset=&#8221;default&#8221; global_colors_info=&#8221;{}&#8221;][et_pb_column type=&#8221;1_4&#8243; _builder_version=&#8221;4.27.4&#8243; _module_preset=&#8221;default&#8221; global_colors_info=&#8221;{}&#8221;][et_pb_image src=&#8221;https:\/\/metalogenia.org.br\/2025\/wp-content\/uploads\/2025\/06\/stephen-roberts-1.png&#8221; align=&#8221;right&#8221; _builder_version=&#8221;4.27.4&#8243; _module_preset=&#8221;default&#8221; global_colors_info=&#8221;{}&#8221;][\/et_pb_image][\/et_pb_column][et_pb_column type=&#8221;3_4&#8243; _builder_version=&#8221;4.27.4&#8243; _module_preset=&#8221;default&#8221; global_colors_info=&#8221;{}&#8221;][et_pb_text _builder_version=&#8221;4.27.4&#8243; _module_preset=&#8221;default&#8221; header_2_text_color=&#8221;#157176&#8243; custom_margin=&#8221;||9px|||&#8221; global_colors_info=&#8221;{}&#8221;]\n<h2><strong>MINICURSO: Sedimentary Copper Deposits<\/strong><\/h2>\n[\/et_pb_text][et_pb_text _builder_version=&#8221;4.27.4&#8243; _module_preset=&#8221;default&#8221; global_colors_info=&#8221;{}&#8221;]\n<p><span style=\"color: #993300;\"><strong>Professor:<\/strong><\/span> <strong>Stephen Roberts<\/strong><br \/>SEG&#8217;s Thayer Lindsley Visiting Lecturer<br \/>University of Southampton (UK)<br \/><span style=\"color: #993300;\"><strong>Data:<\/strong><\/span> 16 de agosto de 2025 (14h \u00e0s 18h)<br \/><span style=\"color: #993300;\"><strong>Local:<\/strong><\/span> Hotel Fiesta Bahia- Salvador\/BA<\/p>\n<p><strong>Principais t\u00f3picos abordados:<\/strong><\/p>\n<ul>\n<li>Introduction, Course Outline, Aims and Objectives<\/li>\n<li>Models of Sedimentary Copper &#8211; The Basics<\/li>\n<li>The Zambian Copperbelt &#8211; From the Classical to the Contentious<\/li>\n<li>Sedimentary Copper Deposits &#8220;A world Tour&#8221;<\/li>\n<li>Initial Thoughts on Common Processes<\/li>\n<li>Exploration for Sedimentary Copper Deposits &#8211; Vectors?<\/li>\n<\/ul>\n[\/et_pb_text][et_pb_text disabled_on=&#8221;off|off|off&#8221; _builder_version=&#8221;4.27.4&#8243; _module_preset=&#8221;default&#8221; header_2_text_align=&#8221;center&#8221; header_2_text_color=&#8221;#FFFFFF&#8221; background_color=&#8221;#bf3535&#8243; custom_margin=&#8221;||9px|||&#8221; custom_padding=&#8221;10px||||false|false&#8221; hover_enabled=&#8221;0&#8243; global_colors_info=&#8221;{}&#8221; sticky_enabled=&#8221;0&#8243;]\n<h2><strong>INSCRI\u00c7\u00d5ES ENCERRADAS<\/strong><\/h2>\n[\/et_pb_text][et_pb_text _builder_version=&#8221;4.27.4&#8243; _module_preset=&#8221;default&#8221; header_2_text_align=&#8221;center&#8221; header_2_text_color=&#8221;#FFFFFF&#8221; background_color=&#8221;#3437bc&#8221; custom_margin=&#8221;||9px|||&#8221; custom_padding=&#8221;10px||||false|false&#8221; hover_enabled=&#8221;0&#8243; global_colors_info=&#8221;{}&#8221; disabled_on=&#8221;on|on|on&#8221; disabled=&#8221;on&#8221; sticky_enabled=&#8221;0&#8243;]\n<h2><strong>INSCRI\u00c7\u00d5ES ABERTAS<\/strong><\/h2>\n[\/et_pb_text][\/et_pb_column][\/et_pb_row][et_pb_row column_structure=&#8221;1_4,3_4&#8243; use_custom_gutter=&#8221;on&#8221; gutter_width=&#8221;2&#8243; _builder_version=&#8221;4.27.4&#8243; _module_preset=&#8221;default&#8221; global_colors_info=&#8221;{}&#8221;][et_pb_column type=&#8221;1_4&#8243; _builder_version=&#8221;4.27.4&#8243; _module_preset=&#8221;default&#8221; global_colors_info=&#8221;{}&#8221;][et_pb_image src=&#8221;https:\/\/metalogenia.org.br\/2025\/wp-content\/uploads\/2025\/06\/Sandra-Anicia.png&#8221; align=&#8221;right&#8221; _builder_version=&#8221;4.27.4&#8243; _module_preset=&#8221;default&#8221; global_colors_info=&#8221;{}&#8221;][\/et_pb_image][\/et_pb_column][et_pb_column type=&#8221;3_4&#8243; _builder_version=&#8221;4.27.4&#8243; _module_preset=&#8221;default&#8221; global_colors_info=&#8221;{}&#8221;][et_pb_text _builder_version=&#8221;4.27.4&#8243; _module_preset=&#8221;default&#8221; header_2_text_color=&#8221;#157176&#8243; custom_margin=&#8221;||9px|||&#8221; global_colors_info=&#8221;{}&#8221;]\n<h2><strong>MINICURSO: Mineral Targeting in Regolith Terranes<\/strong><\/h2>\n[\/et_pb_text][et_pb_text _builder_version=&#8221;4.27.4&#8243; _module_preset=&#8221;default&#8221; global_colors_info=&#8221;{}&#8221;]\n<p><span style=\"color: #993300;\"><strong>Professoras:<\/strong><\/span> <strong>Dra. Sandra Occhipinti<\/strong> e <strong>Dra. Anicia Henne<\/strong><br \/>Commonwealth Scientific and Industrial Research Organisation (CSIRO)\/Australia<br \/><span style=\"color: #993300;\"><strong>Data:<\/strong><\/span> 17 de agosto de 2025 (8h30 \u00e0s 12h)<br \/><span style=\"color: #993300;\"><strong>Local:<\/strong><\/span> Hotel Fiesta Bahia- Salvador\/BA<\/p>\n[\/et_pb_text][et_pb_text disabled_on=&#8221;off|off|off&#8221; _builder_version=&#8221;4.27.4&#8243; _module_preset=&#8221;default&#8221; header_2_text_align=&#8221;center&#8221; header_2_text_color=&#8221;#FFFFFF&#8221; background_color=&#8221;#bf3535&#8243; custom_margin=&#8221;||9px|||&#8221; custom_padding=&#8221;10px||||false|false&#8221; hover_enabled=&#8221;0&#8243; global_colors_info=&#8221;{}&#8221; sticky_enabled=&#8221;0&#8243;]\n<h2><strong>INSCRI\u00c7\u00d5ES ENCERRADAS<\/strong><\/h2>\n[\/et_pb_text][et_pb_text disabled_on=&#8221;on|on|on&#8221; _builder_version=&#8221;4.27.4&#8243; _module_preset=&#8221;default&#8221; header_2_text_align=&#8221;center&#8221; header_2_text_color=&#8221;#FFFFFF&#8221; background_color=&#8221;#3437bc&#8221; custom_margin=&#8221;||9px|||&#8221; custom_padding=&#8221;10px||||false|false&#8221; hover_enabled=&#8221;0&#8243; global_colors_info=&#8221;{}&#8221; disabled=&#8221;on&#8221; sticky_enabled=&#8221;0&#8243;]\n<h2><strong>INSCRI\u00c7\u00d5ES REABERTAS<\/strong><\/h2>\n[\/et_pb_text][\/et_pb_column][\/et_pb_row][et_pb_row column_structure=&#8221;1_4,3_4&#8243; use_custom_gutter=&#8221;on&#8221; gutter_width=&#8221;2&#8243; _builder_version=&#8221;4.27.4&#8243; _module_preset=&#8221;default&#8221; custom_margin=&#8221;14px|auto||auto||&#8221; global_colors_info=&#8221;{}&#8221;][et_pb_column type=&#8221;1_4&#8243; _builder_version=&#8221;4.27.4&#8243; _module_preset=&#8221;default&#8221; global_colors_info=&#8221;{}&#8221;][et_pb_image src=&#8221;https:\/\/metalogenia.org.br\/2025\/wp-content\/uploads\/2025\/07\/andre_klumb.png&#8221; align=&#8221;right&#8221; disabled_on=&#8221;off|off|off&#8221; _builder_version=&#8221;4.27.4&#8243; _module_preset=&#8221;default&#8221; global_colors_info=&#8221;{}&#8221;][\/et_pb_image][\/et_pb_column][et_pb_column type=&#8221;3_4&#8243; _builder_version=&#8221;4.27.4&#8243; _module_preset=&#8221;default&#8221; global_colors_info=&#8221;{}&#8221;][et_pb_text _builder_version=&#8221;4.27.4&#8243; _module_preset=&#8221;default&#8221; header_2_text_color=&#8221;#157176&#8243; custom_margin=&#8221;||9px|||&#8221; global_colors_info=&#8221;{}&#8221;]\n<h2><strong>MINICURSO: Tipos de Sondagem e Medidas de Planos e Linhas em Testemunhos de Sondagem Orientada<\/strong><\/h2>\n[\/et_pb_text][et_pb_text ol_position=&#8221;outside&#8221; ol_item_indent=&#8221;55px&#8221; _builder_version=&#8221;4.27.4&#8243; _module_preset=&#8221;default&#8221; global_colors_info=&#8221;{}&#8221;]\n<p><span style=\"color: #993300;\"><strong>Professor:<\/strong><\/span> <strong>Prof. MSc. Andr\u00e9 Klumb<\/strong><br \/>Universidade Federal da Bahia (UFBa)<br \/><span style=\"color: #993300;\"><strong>Data:<\/strong><\/span> 15 de agosto de 2025 (8h \u00e0s 18h)<br \/><span style=\"color: #993300;\"><strong>Local:<\/strong><\/span> IGEO &#8211; UFBa<br \/><strong><span style=\"color: #993300;\">P\u00fablico alvo:<\/span><\/strong> Estudantes de gradua\u00e7\u00e3o e p\u00f3s-gradua\u00e7\u00e3o<br \/><strong><span style=\"color: #993300;\">Crit\u00e9rios de sele\u00e7\u00e3o:<\/span><\/strong><\/p>\n<p><span style=\"color: #339966;\"><strong>P\u00f3s-gradua\u00e7\u00e3o<\/strong><\/span><\/p>\n<ol>\n<li>Ser membro(a) vinculado (o) a algum SEG student chapter do Brasil.<\/li>\n<li>Ordem de inscri\u00e7\u00e3o.<\/li>\n<\/ol>\n<p><span style=\"color: #339966;\"><strong>Gradua\u00e7\u00e3o<\/strong><\/span><\/p>\n<ol>\n<li>Ser membro(a) vinculado (a) a algum SEG student chapter do Brasil<\/li>\n<li>J\u00e1 ter sido aprovado(a) na disciplina Geologia Estrutural e Geologia Econ\u00f4mica (ou equivalente)<\/li>\n<li>Estudantes a partir do 3\u00b0 ano.<\/li>\n<li>Ordem de inscri\u00e7\u00e3o.<\/li>\n<\/ol>\n[\/et_pb_text][et_pb_button button_url=&#8221;https:\/\/metalogenia.org.br\/2025\/wp-content\/uploads\/2025\/07\/Mini-Curso-UFBA_TIPOS-DE-SONDAGEM-E-MEDIDAS-ESTRUTURAIS-EM-TESTEMUNHOS-ORIENTADOS.pdf&#8221; url_new_window=&#8221;on&#8221; button_text=&#8221;CLIQUE PARA BAIXAR EMENTA&#8221; button_alignment=&#8221;center&#8221; disabled_on=&#8221;off|off|off&#8221; _builder_version=&#8221;4.27.4&#8243; _module_preset=&#8221;default&#8221; custom_button=&#8221;on&#8221; button_text_size=&#8221;16px&#8221; button_text_color=&#8221;#FFFFFF&#8221; button_bg_color=&#8221;#157176&#8243; button_border_width=&#8221;0px&#8221; button_border_radius=&#8221;35px&#8221; custom_margin=&#8221;||12px|||&#8221; global_colors_info=&#8221;{}&#8221; button_bg_color__hover_enabled=&#8221;on|hover&#8221; button_bg_color__hover=&#8221;#A6672E&#8221; button_bg_enable_color__hover=&#8221;on&#8221;][\/et_pb_button][et_pb_button button_url=&#8221;https:\/\/forms.gle\/yMp24Brno6g4czfo9&#8243; url_new_window=&#8221;on&#8221; button_text=&#8221;CLIQUE PARA INSCREVER-SE NESSE CURSO GRATUITO&#8221; button_alignment=&#8221;center&#8221; disabled_on=&#8221;on|on|on&#8221; _builder_version=&#8221;4.27.4&#8243; _module_preset=&#8221;default&#8221; custom_button=&#8221;on&#8221; button_text_size=&#8221;16px&#8221; button_text_color=&#8221;#FFFFFF&#8221; button_bg_color=&#8221;#157176&#8243; button_border_width=&#8221;0px&#8221; button_border_radius=&#8221;35px&#8221; custom_margin=&#8221;||27px|||&#8221; disabled=&#8221;on&#8221; global_colors_info=&#8221;{}&#8221; button_bg_color__hover_enabled=&#8221;on|hover&#8221; button_bg_color__hover=&#8221;#A6672E&#8221; button_bg_enable_color__hover=&#8221;on&#8221;][\/et_pb_button][et_pb_text disabled_on=&#8221;off|off|off&#8221; _builder_version=&#8221;4.27.4&#8243; _module_preset=&#8221;default&#8221; header_2_text_align=&#8221;center&#8221; header_2_text_color=&#8221;#FFFFFF&#8221; background_color=&#8221;#bf3535&#8243; custom_margin=&#8221;||9px|||&#8221; custom_padding=&#8221;10px||||false|false&#8221; global_colors_info=&#8221;{}&#8221;]\n<h2><strong>INSCRI\u00c7\u00d5ES ENCERRADAS<\/strong><\/h2>\n[\/et_pb_text][et_pb_text disabled_on=&#8221;on|on|on&#8221; _builder_version=&#8221;4.27.4&#8243; _module_preset=&#8221;default&#8221; header_2_text_align=&#8221;center&#8221; header_2_text_color=&#8221;#FFFFFF&#8221; background_color=&#8221;#3437bc&#8221; custom_margin=&#8221;||9px|||&#8221; custom_padding=&#8221;10px||||false|false&#8221; disabled=&#8221;on&#8221; global_colors_info=&#8221;{}&#8221;]\n<h2><strong>INSCRI\u00c7\u00d5ES ABERTAS<\/strong><\/h2>\n[\/et_pb_text][\/et_pb_column][\/et_pb_row][et_pb_row _builder_version=&#8221;4.27.4&#8243; _module_preset=&#8221;default&#8221; global_colors_info=&#8221;{}&#8221;][et_pb_column type=&#8221;4_4&#8243; _builder_version=&#8221;4.27.4&#8243; _module_preset=&#8221;default&#8221; global_colors_info=&#8221;{}&#8221;][et_pb_divider color=&#8221;#A6672E&#8221; divider_position=&#8221;center&#8221; _builder_version=&#8221;4.27.4&#8243; _module_preset=&#8221;default&#8221; global_colors_info=&#8221;{}&#8221;][\/et_pb_divider][\/et_pb_column][\/et_pb_row][et_pb_row _builder_version=&#8221;4.27.4&#8243; _module_preset=&#8221;default&#8221; width=&#8221;90%&#8221; max_width=&#8221;591px&#8221; custom_margin=&#8221;-25px|auto||auto||&#8221; custom_padding=&#8221;||0px|||&#8221; global_colors_info=&#8221;{}&#8221;][et_pb_column type=&#8221;4_4&#8243; _builder_version=&#8221;4.16&#8243; _module_preset=&#8221;default&#8221; global_colors_info=&#8221;{}&#8221;][et_pb_text _builder_version=&#8221;4.27.4&#8243; _module_preset=&#8221;default&#8221; text_font=&#8221;|600|||||||&#8221; text_font_size=&#8221;17px&#8221; background_color=&#8221;RGBA(255,255,255,0)&#8221; custom_padding=&#8221;12px|||||&#8221; global_colors_info=&#8221;{}&#8221;]\n<div class=\"su-table su-table-alternate\">\n<table style=\"width: 421px\">\n<tbody>\n<tr>\n<td style=\"text-align: center;width: 165px\"><span style=\"color: #008080\"><strong>CATEGORIA<\/strong><\/span><\/td>\n<td style=\"text-align: center;width: 96px\"><strong><span style=\"color: #008080\">Valor<\/span><\/strong><\/td>\n<\/tr>\n<tr>\n<td style=\"text-align: center;width: 165px\">Profissionais\/Empresas<\/td>\n<td style=\"text-align: center;width: 96px\">R$ 500,00<\/td>\n<\/tr>\n<tr>\n<td style=\"text-align: center;width: 165px\">Estudantes<\/td>\n<td style=\"text-align: center;width: 96px\">R$ 200,00<\/td>\n<\/tr>\n<tr>\n<td style=\"text-align: center;width: 165px\">Professores<\/td>\n<td style=\"text-align: center;width: 96px\">R$ 250,00<\/td>\n<\/tr>\n<\/tbody>\n<\/table>\n<\/div>\n[\/et_pb_text][\/et_pb_column][\/et_pb_row][et_pb_row _builder_version=&#8221;4.27.4&#8243; _module_preset=&#8221;default&#8221; global_colors_info=&#8221;{}&#8221;][et_pb_column type=&#8221;4_4&#8243; _builder_version=&#8221;4.27.4&#8243; _module_preset=&#8221;default&#8221; global_colors_info=&#8221;{}&#8221;][et_pb_text _builder_version=&#8221;4.27.4&#8243; _module_preset=&#8221;default&#8221; link_text_color=&#8221;#157176&#8243; global_colors_info=&#8221;{}&#8221;]\n<p>As vagas ser\u00e3o limitadas.<\/p>\n<p>Os minicursos <strong>Sedimentary Copper Deposits<\/strong> e <strong>Mineral Targeting in Regolith Terranes<\/strong> ser\u00e3o ministrados em ingl\u00eas, sem tradu\u00e7\u00e3o simult\u00e2nea.<\/p>\n<p>Para realizar a inscri\u00e7\u00e3o em um Minicurso \u00e9 necess\u00e1rio antes ter feito sua Inscri\u00e7\u00e3o no evento. Para realizar sua Inscri\u00e7\u00e3o <a href=\"https:\/\/www.hbatools.com.br\/__2016\" target=\"_blank\" rel=\"noopener\"><strong>clique aqui.<\/strong><\/a><\/p>\n<p>Caso j\u00e1 tenha realizado sua inscri\u00e7\u00e3o basta se logar na \u00e1rea restrita e selecionar o curso desejado.<\/p>\n<p>Maiores informa\u00e7\u00f5es via e-mail: <a href=\"mailto:simposio.metalogenia@adimb.org.br\">simposio.metalogenia@adimb.org.br<\/a><\/p>\n[\/et_pb_text][\/et_pb_column][\/et_pb_row][\/et_pb_section]\n","protected":false},"excerpt":{"rendered":"<p>Veja abaixo os minicursos oferecidos pr\u00e9-Simp\u00f3sio. Os minicursos ser\u00e3o ministrados por Palestrantes Acad\u00eamicos e da Ind\u00fastria.MINICURSO: Sedimentary Copper DepositsProfessor: Stephen RobertsSEG&#8217;s Thayer Lindsley Visiting LecturerUniversity of Southampton (UK)Data: 16 de agosto de 2025 (14h \u00e0s 18h)Local: Hotel Fiesta Bahia- Salvador\/BA Principais t\u00f3picos abordados: Introduction, Course Outline, Aims and Objectives Models of Sedimentary Copper &#8211; The [&hellip;]<\/p>\n","protected":false},"author":1,"featured_media":0,"parent":0,"menu_order":0,"comment_status":"closed","ping_status":"closed","template":"","meta":{"_et_pb_use_builder":"on","_et_pb_old_content":"","_et_gb_content_width":"","footnotes":""},"class_list":["post-1406","page","type-page","status-publish","hentry"],"_links":{"self":[{"href":"https:\/\/metalogenia.org.br\/2025\/wp-json\/wp\/v2\/pages\/1406","targetHints":{"allow":["GET"]}}],"collection":[{"href":"https:\/\/metalogenia.org.br\/2025\/wp-json\/wp\/v2\/pages"}],"about":[{"href":"https:\/\/metalogenia.org.br\/2025\/wp-json\/wp\/v2\/types\/page"}],"author":[{"embeddable":true,"href":"https:\/\/metalogenia.org.br\/2025\/wp-json\/wp\/v2\/users\/1"}],"replies":[{"embeddable":true,"href":"https:\/\/metalogenia.org.br\/2025\/wp-json\/wp\/v2\/comments?post=1406"}],"version-history":[{"count":31,"href":"https:\/\/metalogenia.org.br\/2025\/wp-json\/wp\/v2\/pages\/1406\/revisions"}],"predecessor-version":[{"id":1585,"href":"https:\/\/metalogenia.org.br\/2025\/wp-json\/wp\/v2\/pages\/1406\/revisions\/1585"}],"wp:attachment":[{"href":"https:\/\/metalogenia.org.br\/2025\/wp-json\/wp\/v2\/media?parent=1406"}],"curies":[{"name":"wp","href":"https:\/\/api.w.org\/{rel}","templated":true}]}}