{"id":1307,"date":"2025-04-15T14:02:50","date_gmt":"2025-04-15T14:02:50","guid":{"rendered":"https:\/\/metalogenia.org.br\/2025\/?page_id=1307"},"modified":"2025-06-18T20:45:53","modified_gmt":"2025-06-18T20:45:53","slug":"regras-de-apresentacao","status":"publish","type":"page","link":"https:\/\/metalogenia.org.br\/2025\/regras-de-apresentacao\/","title":{"rendered":"Regras de Apresenta\u00e7\u00e3o"},"content":{"rendered":"[et_pb_section fb_built=&#8221;1&#8243; fullwidth=&#8221;on&#8221; _builder_version=&#8221;4.27.4&#8243; _module_preset=&#8221;default&#8221; bottom_divider_color=&#8221;#fbfae8&#8243; bottom_divider_height=&#8221;50px&#8221; global_colors_info=&#8221;{}&#8221;][et_pb_fullwidth_header title=&#8221;REGRAS DE APRESENTA\u00c7\u00c3O&#8221; _builder_version=&#8221;4.27.4&#8243; _module_preset=&#8221;default&#8221; title_font=&#8221;|800|||||||&#8221; title_text_align=&#8221;center&#8221; title_font_size=&#8221;48px&#8221; background_color=&#8221;#157176&#8243; background_image=&#8221;https:\/\/metalogenia.org.br\/2025\/wp-content\/uploads\/2025\/04\/topo-pag-internas.jpg&#8221; custom_padding=&#8221;55px||49px|||&#8221; title_font_size_tablet=&#8221;48px&#8221; title_font_size_phone=&#8221;33px&#8221; title_font_size_last_edited=&#8221;on|phone&#8221; title_text_shadow_style=&#8221;preset2&#8243; global_colors_info=&#8221;{}&#8221;][\/et_pb_fullwidth_header][\/et_pb_section][et_pb_section fb_built=&#8221;1&#8243; _builder_version=&#8221;4.27.4&#8243; _module_preset=&#8221;default&#8221; background_image=&#8221;https:\/\/metalogenia.org.br\/2025\/wp-content\/uploads\/2025\/04\/bg-pedra-claro.jpg&#8221; parallax=&#8221;on&#8221; parallax_method=&#8221;off&#8221; background_blend=&#8221;multiply&#8221; custom_padding=&#8221;0px|||||&#8221; global_colors_info=&#8221;{}&#8221;][et_pb_row _builder_version=&#8221;4.27.4&#8243; _module_preset=&#8221;default&#8221; custom_margin=&#8221;||||false|false&#8221; custom_padding=&#8221;||0px||false|false&#8221; global_colors_info=&#8221;{}&#8221;][et_pb_column type=&#8221;4_4&#8243; _builder_version=&#8221;4.27.4&#8243; _module_preset=&#8221;default&#8221; global_colors_info=&#8221;{}&#8221;][et_pb_divider color=&#8221;#D99848&#8243; divider_weight=&#8221;6px&#8221; _builder_version=&#8221;4.27.4&#8243; _module_preset=&#8221;default&#8221; custom_margin=&#8221;-27px||||false|false&#8221; custom_padding=&#8221;0px||0px||false|false&#8221; global_colors_info=&#8221;{}&#8221;][\/et_pb_divider][\/et_pb_column][\/et_pb_row][et_pb_row _builder_version=&#8221;4.27.4&#8243; _module_preset=&#8221;default&#8221; global_colors_info=&#8221;{}&#8221;][et_pb_column type=&#8221;4_4&#8243; _builder_version=&#8221;4.27.4&#8243; _module_preset=&#8221;default&#8221; global_colors_info=&#8221;{}&#8221;][et_pb_text _builder_version=&#8221;4.27.4&#8243; _module_preset=&#8221;default&#8221; link_font=&#8221;||||on||||&#8221; link_text_color=&#8221;#D99848&#8243; header_text_color=&#8221;#157176&#8243; header_3_text_color=&#8221;#157176&#8243; hover_enabled=&#8221;0&#8243; global_colors_info=&#8221;{}&#8221; sticky_enabled=&#8221;0&#8243;]\n<h3>APRESENTA\u00c7\u00c3O DOS TRABALHOS<\/h3>\n<p><strong><\/strong><\/p>\n<p><strong>Sobre o(a) apresentador(a):<\/strong><\/p>\n<p>Cada trabalho dever\u00e1 ter um(a) apresentador(a)principal indicado no momento da submiss\u00e3o, o qual dever\u00e1, obrigatoriamente, constar como um dos(as) autores(as) no sistema do evento.<\/p>\n<p>Caso exista alguma altera\u00e7\u00e3o na indica\u00e7\u00e3o do(a) apresentador(a), a pessoa respons\u00e1vel pela submiss\u00e3o dever\u00e1 informar o novo nome atrav\u00e9s do site do evento, at\u00e9 o dia 01\/08\/2025. Essa data n\u00e3o poder\u00e1 ser prorrogada.<\/p>\n<p><strong>Confirma\u00e7\u00e3o de presen\u00e7a do(a) apresentador(a):<\/strong><\/p>\n<p>A pessoa que ir\u00e1 apresentar o trabalho dever\u00e1 comparecer ao local de sua apresenta\u00e7\u00e3o com, no m\u00ednimo, 30 minutos de anteced\u00eancia ao in\u00edcio de sua sess\u00e3o, para assinar a lista de presen\u00e7a. A aus\u00eancia do (a) apresentador(a) implicar\u00e1 no cancelamento da apresenta\u00e7\u00e3o. O apresentador deve estar com a inscri\u00e7\u00e3o de devidamente paga, para participa\u00e7\u00e3o no evento.<\/p>\n<p><strong>Hor\u00e1rio de realiza\u00e7\u00e3o da apresenta\u00e7\u00e3o:<\/strong><\/p>\n<p>As apresenta\u00e7\u00f5es ser\u00e3o realizadas pontualmente no hor\u00e1rio marcado conforme indicado na programa\u00e7\u00e3o.<\/p>\n<p><strong>Certificado de apresenta\u00e7\u00e3o:<\/strong><\/p>\n<p>O certificado de apresenta\u00e7\u00e3o de trabalhos ser\u00e1 disponibilizado eletronicamente no sistema do evento, ap\u00f3s sua finaliza\u00e7\u00e3o.<\/p>\n<p>&nbsp;<\/p>\n<h3>INSTRU\u00c7\u00d5ES PARA TRABALHOS ORAIS<\/h3>\n<p><strong><\/strong><\/p>\n<p><strong>Dura\u00e7\u00e3o da apresenta\u00e7\u00e3o:<\/strong><\/p>\n<p>O tempo total de apresenta\u00e7\u00e3o ser\u00e1 de 20 min, sendo 15 min para apresenta\u00e7\u00e3o e 5 min para a realiza\u00e7\u00e3o de perguntas e discuss\u00f5es.<\/p>\n<p><strong>Formato do arquivo:<\/strong><\/p>\n<p>O arquivo da apresenta\u00e7\u00e3o dever\u00e1 ser entregue em formato .pptx, .ppt. ou .pdf. Os slides devem ter dimens\u00e3o 16:9 (widescreen). A utiliza\u00e7\u00e3o do template disponibilizado \u00e9 opcional.<\/p>\n<p>Template de Apresenta\u00e7\u00e3o Oral [<a href=\"https:\/\/metalogenia.org.br\/2025\/wp-content\/uploads\/2025\/04\/template_ppt_apresentacao-oral_SBM2025.pptx\" target=\"_blank\" rel=\"noopener\"><strong>Download<\/strong><\/a>]\n<p><strong>Entrega do arquivo:<\/strong><\/p>\n<p>O arquivo da apresenta\u00e7\u00e3o dever\u00e1 ser entregue no media desk do evento a partir das 8h do dia 18\/08\/2025 at\u00e9 2 horas antes da realiza\u00e7\u00e3o da sua sess\u00e3o.Recomendamos que os arquivos sejam entregues com a anteced\u00eancia acima solicitada.<\/p>\n<p>&nbsp;<\/p>\n<h3>INSTRU\u00c7\u00d5ES PARA TRABALHOS EM P\u00d4STER<\/h3>\n<p>&nbsp;<\/p>\n<p><strong>Caracter\u00edstica do p\u00f4ster<\/strong><\/p>\n<p>O p\u00f4ster dever\u00e1 ser impresso em tamanho 0,90 m (largura) por 1,20 m (altura). A utiliza\u00e7\u00e3o do template disponibilizado \u00e9 opcional.<\/p>\n<p>Template do Poster [.pptx] [<a href=\"https:\/\/metalogenia.org.br\/2025\/wp-content\/uploads\/2025\/04\/template_poster_SBM2025.pptx\" target=\"_blank\" rel=\"noopener\"><strong>Download<\/strong><\/a>]\n<p><strong>Dura\u00e7\u00e3o da apresenta\u00e7\u00e3o do p\u00f4ster<\/strong><\/p>\n<p>A sess\u00e3o de apresenta\u00e7\u00e3o ter\u00e1 dura\u00e7\u00e3o de 90 minutos, dando oportunidade para os(a)autores(a) interagirem com as pessoas interessadas em sua contribui\u00e7\u00e3o.<\/p>\n<p><strong>Entrega do p\u00f4ster:<\/strong><\/p>\n<p>Os post\u00ears dever\u00e3o ser entregues na recep\u00e7\u00e3o do evento, que estar\u00e3o na \u00e1rea de exposi\u00e7\u00e3o at\u00e9 as 14h do dia de realiza\u00e7\u00e3o da sess\u00e3o escolhida para apresenta\u00e7\u00e3o.<\/p>\n<p>&nbsp;<\/p>\n[\/et_pb_text][et_pb_button button_url=&#8221;https:\/\/www.hbatools.com.br\/__2022&#8243; url_new_window=&#8221;on&#8221; button_text=&#8221;CLIQUE AQUI PARA SUBMETER SEU TRABALHO&#8221; button_alignment=&#8221;center&#8221; disabled_on=&#8221;off|off|off&#8221; _builder_version=&#8221;4.27.4&#8243; _module_preset=&#8221;default&#8221; custom_button=&#8221;on&#8221; button_text_size=&#8221;28px&#8221; button_text_color=&#8221;#FFFFFF&#8221; button_bg_color=&#8221;#157176&#8243; button_border_color=&#8221;#157176&#8243; button_border_radius=&#8221;27px&#8221; button_font=&#8221;|700|||||||&#8221; custom_margin=&#8221;14px|||||&#8221; button_text_size_tablet=&#8221;28px&#8221; button_text_size_phone=&#8221;20px&#8221; button_text_size_last_edited=&#8221;on|phone&#8221; global_colors_info=&#8221;{}&#8221; button_text_color__hover_enabled=&#8221;on|hover&#8221; button_text_color__hover=&#8221;#FFFFFF&#8221; button_bg_color__hover_enabled=&#8221;on|hover&#8221; button_bg_color__hover=&#8221;#A6672E&#8221; button_bg_enable_color__hover=&#8221;on&#8221; button_border_color__hover_enabled=&#8221;on|hover&#8221; button_border_color__hover=&#8221;#A6672E&#8221;][\/et_pb_button][et_pb_button button_url=&#8221;https:\/\/www.hbatools.com.br\/LoginAreaInscrito\/Login\/2252&#8243; url_new_window=&#8221;on&#8221; button_text=&#8221;ACOMPANHE O STATUS DO TRABALHO J\u00c1 SUBMETIDO&#8221; button_alignment=&#8221;center&#8221; disabled_on=&#8221;off|off|off&#8221; _builder_version=&#8221;4.27.4&#8243; _module_preset=&#8221;default&#8221; custom_button=&#8221;on&#8221; button_text_size=&#8221;28px&#8221; button_text_color=&#8221;#FFFFFF&#8221; button_bg_color=&#8221;#A6672E&#8221; button_border_color=&#8221;#A6672E&#8221; button_border_radius=&#8221;27px&#8221; button_font=&#8221;|700|||||||&#8221; custom_margin=&#8221;14px|||||&#8221; button_text_size_tablet=&#8221;28px&#8221; button_text_size_phone=&#8221;20px&#8221; button_text_size_last_edited=&#8221;on|phone&#8221; global_colors_info=&#8221;{}&#8221; button_text_color__hover_enabled=&#8221;on|hover&#8221; button_text_color__hover=&#8221;#FFFFFF&#8221; button_bg_color__hover_enabled=&#8221;on|hover&#8221; button_bg_color__hover=&#8221;#157176&#8243; button_bg_enable_color__hover=&#8221;on&#8221; button_border_color__hover_enabled=&#8221;on|hover&#8221; button_border_color__hover=&#8221;#157176&#8243;][\/et_pb_button][\/et_pb_column][\/et_pb_row][\/et_pb_section]\n","protected":false},"excerpt":{"rendered":"<p>APRESENTA\u00c7\u00c3O DOS TRABALHOS Sobre o(a) apresentador(a): Cada trabalho dever\u00e1 ter um(a) apresentador(a)principal indicado no momento da submiss\u00e3o, o qual dever\u00e1, obrigatoriamente, constar como um dos(as) autores(as) no sistema do evento. Caso exista alguma altera\u00e7\u00e3o na indica\u00e7\u00e3o do(a) apresentador(a), a pessoa respons\u00e1vel pela submiss\u00e3o dever\u00e1 informar o novo nome atrav\u00e9s do site do evento, at\u00e9 o [&hellip;]<\/p>\n","protected":false},"author":1,"featured_media":0,"parent":0,"menu_order":0,"comment_status":"closed","ping_status":"closed","template":"","meta":{"_et_pb_use_builder":"on","_et_pb_old_content":"","_et_gb_content_width":"","footnotes":""},"class_list":["post-1307","page","type-page","status-publish","hentry"],"_links":{"self":[{"href":"https:\/\/metalogenia.org.br\/2025\/wp-json\/wp\/v2\/pages\/1307","targetHints":{"allow":["GET"]}}],"collection":[{"href":"https:\/\/metalogenia.org.br\/2025\/wp-json\/wp\/v2\/pages"}],"about":[{"href":"https:\/\/metalogenia.org.br\/2025\/wp-json\/wp\/v2\/types\/page"}],"author":[{"embeddable":true,"href":"https:\/\/metalogenia.org.br\/2025\/wp-json\/wp\/v2\/users\/1"}],"replies":[{"embeddable":true,"href":"https:\/\/metalogenia.org.br\/2025\/wp-json\/wp\/v2\/comments?post=1307"}],"version-history":[{"count":6,"href":"https:\/\/metalogenia.org.br\/2025\/wp-json\/wp\/v2\/pages\/1307\/revisions"}],"predecessor-version":[{"id":1449,"href":"https:\/\/metalogenia.org.br\/2025\/wp-json\/wp\/v2\/pages\/1307\/revisions\/1449"}],"wp:attachment":[{"href":"https:\/\/metalogenia.org.br\/2025\/wp-json\/wp\/v2\/media?parent=1307"}],"curies":[{"name":"wp","href":"https:\/\/api.w.org\/{rel}","templated":true}]}}