{"id":12,"date":"2023-11-20T11:44:19","date_gmt":"2023-11-20T11:44:19","guid":{"rendered":"https:\/\/simexmin.org.br\/2024\/?page_id=12"},"modified":"2025-04-15T14:18:54","modified_gmt":"2025-04-15T14:18:54","slug":"home","status":"publish","type":"page","link":"https:\/\/metalogenia.org.br\/2025\/","title":{"rendered":"HOME"},"content":{"rendered":"[et_pb_section fb_built=&#8221;1&#8243; fullwidth=&#8221;on&#8221; _builder_version=&#8221;4.23.1&#8243; _module_preset=&#8221;default&#8221; custom_margin_tablet=&#8221;&#8221; custom_margin_phone=&#8221;|-100px||-100px|false|false&#8221; custom_margin_last_edited=&#8221;on|phone&#8221; custom_padding=&#8221;||||false|false&#8221; global_colors_info=&#8221;{}&#8221;][et_pb_fullwidth_header title=&#8221;A Metalogenia para o Desenvolvimento do Setor Mineral Brasileiro.&#8221; text_orientation=&#8221;center&#8221; header_scroll_down=&#8221;on&#8221; scroll_down_icon_size=&#8221;39px&#8221; button_one_text=&#8221;VEJA A PROGRAMA\u00c7\u00c3O&#8221; button_one_url=&#8221;https:\/\/metalogenia.org.br\/2025\/programa-oficial\/&#8221; button_two_text=&#8221;SEJA UM PATROCINADOR&#8221; button_two_url=&#8221;https:\/\/metalogenia.org.br\/2025\/patrocinios\/&#8221; content_max_width_tablet=&#8221;&#8221; content_max_width_phone=&#8221;100%&#8221; content_max_width_last_edited=&#8221;on|phone&#8221; _builder_version=&#8221;4.27.4&#8243; _module_preset=&#8221;default&#8221; title_font_size=&#8221;47px&#8221; content_font=&#8221;|600|||||||&#8221; content_text_color=&#8221;#FAD79F&#8221; content_font_size=&#8221;26px&#8221; content_line_height=&#8221;2.3em&#8221; subhead_text_color=&#8221;#FAD79F&#8221; background_color=&#8221;#A6672E&#8221; background_video_mp4=&#8221;https:\/\/metalogenia.org.br\/2025\/wp-content\/uploads\/2025\/04\/video-banner.mp4&#8243; custom_button_one=&#8221;on&#8221; button_one_text_size=&#8221;16px&#8221; button_one_text_color=&#8221;#FFFFFF&#8221; button_one_bg_color=&#8221;#157176&#8243; button_one_border_color=&#8221;#157176&#8243; button_one_border_radius=&#8221;73px&#8221; custom_button_two=&#8221;on&#8221; button_two_text_size=&#8221;16px&#8221; button_two_text_color=&#8221;#FFFFFF&#8221; button_two_bg_color=&#8221;#157176&#8243; button_two_border_color=&#8221;#157176&#8243; button_two_border_radius=&#8221;35px&#8221; width=&#8221;100%&#8221; module_alignment=&#8221;center&#8221; custom_margin=&#8221;||||false|false&#8221; custom_margin_tablet=&#8221;||||false|false&#8221; custom_margin_phone=&#8221;||||false|false&#8221; custom_margin_last_edited=&#8221;on|phone&#8221; custom_padding=&#8221;150px||150px||true|false&#8221; custom_padding_tablet=&#8221;150px||150px||true|false&#8221; custom_padding_phone=&#8221;50px||50px||true|false&#8221; custom_padding_last_edited=&#8221;on|phone&#8221; title_font_size_tablet=&#8221;47px&#8221; title_font_size_phone=&#8221;38px&#8221; title_font_size_last_edited=&#8221;on|phone&#8221; content_font_size_tablet=&#8221;26px&#8221; content_font_size_phone=&#8221;20px&#8221; content_font_size_last_edited=&#8221;on|phone&#8221; content_line_height_tablet=&#8221;2.3em&#8221; content_line_height_phone=&#8221;1.4em&#8221; content_line_height_last_edited=&#8221;on|phone&#8221; subhead_text_shadow_style=&#8221;preset3&#8243; global_colors_info=&#8221;{}&#8221; button_one_bg_color__hover_enabled=&#8221;on|hover&#8221; button_one_bg_color__hover=&#8221;#F7BC13&#8243; button_one_bg_enable_color__hover=&#8221;on&#8221; button_one_border_color__hover_enabled=&#8221;on|hover&#8221; button_one_border_color__hover=&#8221;#F7BC13&#8243; button_one_text_color__hover_enabled=&#8221;on|hover&#8221; button_one_text_color__hover=&#8221;#002A54&#8243; button_two_bg_color__hover_enabled=&#8221;on|hover&#8221; button_two_bg_color__hover=&#8221;#F7BC13&#8243; button_two_bg_enable_color__hover=&#8221;on&#8221; button_two_border_color__hover_enabled=&#8221;on|desktop&#8221; button_two_border_color__hover=&#8221;#F7BC13&#8243; button_two_text_color__hover_enabled=&#8221;on|hover&#8221; button_two_text_color__hover=&#8221;#002A54&#8243;]\n<p>17 a 20 de agosto de 2025 | Salvador, BA<\/p>\n[\/et_pb_fullwidth_header][\/et_pb_section][et_pb_section fb_built=&#8221;1&#8243; _builder_version=&#8221;4.27.4&#8243; _module_preset=&#8221;default&#8221; background_image=&#8221;https:\/\/metalogenia.org.br\/2025\/wp-content\/uploads\/2025\/04\/bg-pedra-claro.jpg&#8221; parallax=&#8221;on&#8221; parallax_method=&#8221;off&#8221; global_colors_info=&#8221;{}&#8221;][et_pb_row _builder_version=&#8221;4.23.1&#8243; _module_preset=&#8221;default&#8221; global_colors_info=&#8221;{}&#8221;][et_pb_column type=&#8221;4_4&#8243; _builder_version=&#8221;4.23.1&#8243; _module_preset=&#8221;default&#8221; global_colors_info=&#8221;{}&#8221;][et_pb_text _builder_version=&#8221;4.27.4&#8243; _module_preset=&#8221;default&#8221; header_font=&#8221;|600|||||||&#8221; header_text_align=&#8221;center&#8221; header_text_color=&#8221;#157176&#8243; header_font_size=&#8221;38px&#8221; header_line_height=&#8221;1.2em&#8221; custom_margin=&#8221;||-1px|||&#8221; custom_padding=&#8221;||0px|||&#8221; header_font_size_tablet=&#8221;38px&#8221; header_font_size_phone=&#8221;33px&#8221; header_font_size_last_edited=&#8221;on|phone&#8221; header_text_shadow_style=&#8221;preset2&#8243; header_text_shadow_horizontal_length=&#8221;0.04em&#8221; header_text_shadow_vertical_length=&#8221;0.04em&#8221; header_text_shadow_color=&#8221;rgba(0,0,0,0.23)&#8221; global_colors_info=&#8221;{}&#8221;]\n<h1>Seja bem-vindo ao<\/h1>\n[\/et_pb_text][et_pb_text _builder_version=&#8221;4.27.4&#8243; _module_preset=&#8221;default&#8221; header_font=&#8221;|800|||||||&#8221; header_text_align=&#8221;center&#8221; header_text_color=&#8221;#157176&#8243; header_font_size=&#8221;38px&#8221; header_line_height=&#8221;1.2em&#8221; custom_padding=&#8221;||0px|||&#8221; hover_enabled=&#8221;0&#8243; header_font_size_tablet=&#8221;38px&#8221; header_font_size_phone=&#8221;33px&#8221; header_font_size_last_edited=&#8221;on|phone&#8221; header_text_shadow_style=&#8221;preset2&#8243; header_text_shadow_horizontal_length=&#8221;0.04em&#8221; header_text_shadow_vertical_length=&#8221;0.04em&#8221; header_text_shadow_color=&#8221;rgba(0,0,0,0.2)&#8221; global_colors_info=&#8221;{}&#8221; sticky_enabled=&#8221;0&#8243;]\n<h1>VI Simp\u00f3sio Brasileiro de Metalogenia<\/h1>\n[\/et_pb_text][\/et_pb_column][\/et_pb_row][et_pb_row column_structure=&#8221;1_2,1_2&#8243; _builder_version=&#8221;4.27.4&#8243; _module_preset=&#8221;default&#8221; background_color=&#8221;rgba(250,215,159,0.26)&#8221; custom_margin=&#8221;||||true|true&#8221; custom_padding=&#8221;30px|30px|30px|30px|true|true&#8221; box_shadow_style=&#8221;preset2&#8243; box_shadow_horizontal=&#8221;3px&#8221; box_shadow_vertical=&#8221;3px&#8221; box_shadow_blur=&#8221;10px&#8221; box_shadow_color=&#8221;rgba(0,0,0,0.17)&#8221; global_colors_info=&#8221;{}&#8221;][et_pb_column type=&#8221;1_2&#8243; _builder_version=&#8221;4.23.1&#8243; _module_preset=&#8221;default&#8221; background_color=&#8221;RGBA(255,255,255,0)&#8221; custom_padding=&#8221;||||false|false&#8221; global_colors_info=&#8221;{}&#8221;][et_pb_text _builder_version=&#8221;4.27.4&#8243; _module_preset=&#8221;default&#8221; text_font=&#8221;||||||||&#8221; text_text_color=&#8221;#000000&#8243; global_colors_info=&#8221;{}&#8221;]\n<p>O Simp\u00f3sio Brasileiro de Metalogenia (SBM) foi idealizado em 2005 pelo Prof. Jos\u00e9 Carlos Frantz, da UFRGS, com apoio da <em>Society of Economic Geologists<\/em> (SEG), de colegas de universidades como UnB, UNICAMP, USP e UFBA, de institui\u00e7\u00f5es governamentais (MME, CPRM \u2013 atual SGB, DNPM \u2013 atual ANM), da ADIMB e da ind\u00fastria. Desde ent\u00e3o, tornou-se refer\u00eancia nacional nas discuss\u00f5es sobre metalogenia e recursos minerais, mantendo seu car\u00e1ter integrador entre academia, governo e setor mineral.<\/p>\n<p>Um marco importante da primeira edi\u00e7\u00e3o foi a in\u00e9dita parceria com a SEG, que proporcionou o ambiente prop\u00edcio para o posterior surgimento dos primeiros SEG Student Chapters no Brasil. No evento, a partir do esfor\u00e7o do Prof. Frantz e da participa\u00e7\u00e3o direta do ent\u00e3o presidente da sociedade Jeffrey Hedenquist, foram realizadas as primeiras filia\u00e7\u00f5es de alunos na SEG, o que teve impactos duradouros ao incentivar o engajamento estudantil e fortalecer a pesquisa em recursos minerais no pa\u00eds.<\/p>\n<p>Realizado cinco vezes em Gramado (RS) \u2014 nos anos de 2005, 2009, 2013, 2019 e 2023 \u2014 com a lideran\u00e7a da UFRGS, com a parceria da ADIMB e da SEG, e apoio do MME, CAPES e CNPq, o simp\u00f3sio atrai cerca de 300 participantes por edi\u00e7\u00e3o, incluindo renomados palestrantes nacionais e internacionais e estudantes de todo o pa\u00eds. O alto n\u00edvel das contribui\u00e7\u00f5es gerou resultados relevantes, como um n\u00famero especial da <em>Mineralium Deposita<\/em> em 2008 (vol. 43, n. 2) no tema <em>Selected ore deposits of Brazil<\/em> e o livro <em>Contribui\u00e7\u00f5es \u00e0 Metalogenia do Brasil em 2011<\/em>. Cursos e eventos estudantis tamb\u00e9m foram promovidos.<\/p>\n[\/et_pb_text][\/et_pb_column][et_pb_column type=&#8221;1_2&#8243; _builder_version=&#8221;4.23.1&#8243; _module_preset=&#8221;default&#8221; global_colors_info=&#8221;{}&#8221;][et_pb_image src=&#8221;https:\/\/metalogenia.org.br\/2025\/wp-content\/uploads\/2025\/04\/ilustra-home-apresentacao2.jpg&#8221; _builder_version=&#8221;4.27.4&#8243; _module_preset=&#8221;default&#8221; global_colors_info=&#8221;{}&#8221;][\/et_pb_image][et_pb_text _builder_version=&#8221;4.27.4&#8243; _module_preset=&#8221;default&#8221; text_text_color=&#8221;#000000&#8243; global_colors_info=&#8221;{}&#8221;]\n<p>Em 2025, ao comemorar 20 anos, o evento inova ao expandir suas fronteiras geogr\u00e1ficas: o VI SBM ser\u00e1 realizado em Salvador (BA), regi\u00e3o de crescente relev\u00e2ncia mineral. A organiza\u00e7\u00e3o, liderada nesta edi\u00e7\u00e3o pelo Servi\u00e7o Geol\u00f3gico do Brasil, conta com apoio da Companhia Baiana de Pesquisa Mineral (CBPM) e da Universidade Federal da Bahia (UFBA). Essa nova fase mant\u00e9m o firme apoio da UFRGS e da ADIMB, e inaugura um novo ciclo, reafirmando o papel estrat\u00e9gico do simp\u00f3sio para o futuro da metalogenia e da minera\u00e7\u00e3o no Brasil. A proposta \u00e9 tornar o SBM um evento itinerante, ampliando a participa\u00e7\u00e3o e promovendo excurs\u00f5es t\u00e9cnicas em regi\u00f5es com expressivo potencial mineral.<\/p>\n[\/et_pb_text][\/et_pb_column][\/et_pb_row][\/et_pb_section][et_pb_section fb_built=&#8221;1&#8243; _builder_version=&#8221;4.27.4&#8243; _module_preset=&#8221;default&#8221; background_image=&#8221;https:\/\/metalogenia.org.br\/2025\/wp-content\/uploads\/2025\/04\/bg-pedra-escuro.jpg&#8221; parallax=&#8221;on&#8221; parallax_method=&#8221;off&#8221; custom_padding=&#8221;||67px|||&#8221; bottom_divider_height=&#8221;50px&#8221; bottom_divider_repeat=&#8221;1x&#8221; global_colors_info=&#8221;{}&#8221;][et_pb_row column_structure=&#8221;1_4,1_4,1_4,1_4&#8243; use_custom_gutter=&#8221;on&#8221; gutter_width=&#8221;1&#8243; _builder_version=&#8221;4.27.4&#8243; _module_preset=&#8221;default&#8221; global_colors_info=&#8221;{}&#8221;][et_pb_column type=&#8221;1_4&#8243; _builder_version=&#8221;4.23.1&#8243; _module_preset=&#8221;default&#8221; global_colors_info=&#8221;{}&#8221;][et_pb_button button_url=&#8221;https:\/\/metalogenia.org.br\/2025\/expometalogenia\/&#8221; button_text=&#8221;EXPOMETALOGENIA&#8221; button_alignment=&#8221;center&#8221; _builder_version=&#8221;4.27.4&#8243; _module_preset=&#8221;default&#8221; custom_button=&#8221;on&#8221; button_text_color=&#8221;#FFFFFF&#8221; button_bg_image=&#8221;https:\/\/metalogenia.org.br\/2025\/wp-content\/uploads\/2025\/04\/bt4a.jpg&#8221; button_border_color=&#8221;#F1C268&#8243; button_border_radius=&#8221;0px&#8221; button_letter_spacing=&#8221;-1px&#8221; button_font=&#8221;Montserrat|700|||||||&#8221; button_use_icon=&#8221;off&#8221; custom_padding=&#8221;102px||||false|false&#8221; custom_css_main_element=&#8221;width:260px;||height:245px;&#8221; button_text_shadow_style=&#8221;preset2&#8243; global_colors_info=&#8221;{}&#8221; button_bg_color__hover_enabled=&#8221;on|hover&#8221; button_bg_image__hover=&#8221;https:\/\/metalogenia.org.br\/2025\/wp-content\/uploads\/2025\/04\/bt4b.jpg&#8221; button_bg_enable_image__hover=&#8221;on&#8221;][\/et_pb_button][\/et_pb_column][et_pb_column type=&#8221;1_4&#8243; _builder_version=&#8221;4.23.1&#8243; _module_preset=&#8221;default&#8221; global_colors_info=&#8221;{}&#8221;][et_pb_button button_url=&#8221;https:\/\/metalogenia.org.br\/2025\/patrocinios\/&#8221; button_text=&#8221;PATROCINADORES&#8221; button_alignment=&#8221;center&#8221; _builder_version=&#8221;4.27.4&#8243; _module_preset=&#8221;default&#8221; custom_button=&#8221;on&#8221; button_text_color=&#8221;#FFFFFF&#8221; button_bg_image=&#8221;https:\/\/metalogenia.org.br\/2025\/wp-content\/uploads\/2025\/04\/bt2a.jpg&#8221; button_border_color=&#8221;#F1C268&#8243; button_border_radius=&#8221;0px&#8221; button_letter_spacing=&#8221;-1px&#8221; button_font=&#8221;Montserrat|700|||||||&#8221; button_use_icon=&#8221;off&#8221; custom_padding=&#8221;102px||||false|false&#8221; custom_css_main_element=&#8221;width:260px;||height:245px;&#8221; button_text_shadow_style=&#8221;preset2&#8243; global_colors_info=&#8221;{}&#8221; button_bg_color__hover_enabled=&#8221;on|hover&#8221; button_bg_image__hover=&#8221;https:\/\/metalogenia.org.br\/2025\/wp-content\/uploads\/2025\/04\/bt2b.jpg&#8221; button_bg_enable_image__hover=&#8221;on&#8221;][\/et_pb_button][\/et_pb_column][et_pb_column type=&#8221;1_4&#8243; _builder_version=&#8221;4.23.1&#8243; _module_preset=&#8221;default&#8221; global_colors_info=&#8221;{}&#8221;][et_pb_button button_url=&#8221;https:\/\/metalogenia.org.br\/2025\/programa-oficial\/&#8221; button_text=&#8221;PROGRAMA&#8221; button_alignment=&#8221;center&#8221; _builder_version=&#8221;4.27.4&#8243; _module_preset=&#8221;default&#8221; custom_button=&#8221;on&#8221; button_text_color=&#8221;#FFFFFF&#8221; button_bg_image=&#8221;https:\/\/metalogenia.org.br\/2025\/wp-content\/uploads\/2025\/04\/bt3a.jpg&#8221; button_border_color=&#8221;#F1C268&#8243; button_border_radius=&#8221;0px&#8221; button_letter_spacing=&#8221;-1px&#8221; button_font=&#8221;Montserrat|700|||||||&#8221; button_use_icon=&#8221;off&#8221; custom_padding=&#8221;102px||||false|false&#8221; custom_css_main_element=&#8221;width:260px;||height:245px;&#8221; button_text_shadow_style=&#8221;preset2&#8243; global_colors_info=&#8221;{}&#8221; button_bg_color__hover_enabled=&#8221;on|hover&#8221; button_bg_image__hover=&#8221;https:\/\/metalogenia.org.br\/2025\/wp-content\/uploads\/2025\/04\/bt3b.jpg&#8221; button_bg_enable_image__hover=&#8221;on&#8221;][\/et_pb_button][\/et_pb_column][et_pb_column type=&#8221;1_4&#8243; _builder_version=&#8221;4.23.1&#8243; _module_preset=&#8221;default&#8221; global_colors_info=&#8221;{}&#8221;][et_pb_button button_url=&#8221;https:\/\/metalogenia.org.br\/2025\/areas-tematicas\/&#8221; button_text=&#8221;P\u00d4STER\/ORAL&#8221; button_alignment=&#8221;center&#8221; _builder_version=&#8221;4.27.4&#8243; _module_preset=&#8221;default&#8221; custom_button=&#8221;on&#8221; button_text_color=&#8221;#FFFFFF&#8221; button_bg_image=&#8221;https:\/\/metalogenia.org.br\/2025\/wp-content\/uploads\/2025\/04\/bt1a.jpg&#8221; button_border_color=&#8221;#F1C268&#8243; button_border_radius=&#8221;0px&#8221; button_letter_spacing=&#8221;-1px&#8221; button_font=&#8221;Montserrat|700|||||||&#8221; button_use_icon=&#8221;off&#8221; custom_padding=&#8221;102px||||false|false&#8221; custom_css_main_element=&#8221;width:260px;||height:245px;&#8221; button_text_shadow_style=&#8221;preset2&#8243; global_colors_info=&#8221;{}&#8221; button_bg_color__hover_enabled=&#8221;on|hover&#8221; button_bg_image__hover=&#8221;https:\/\/metalogenia.org.br\/2025\/wp-content\/uploads\/2025\/04\/bt1b.jpg&#8221; button_bg_enable_image__hover=&#8221;on&#8221;][\/et_pb_button][\/et_pb_column][\/et_pb_row][\/et_pb_section][et_pb_section fb_built=&#8221;1&#8243; fullwidth=&#8221;on&#8221; _builder_version=&#8221;4.27.4&#8243; _module_preset=&#8221;default&#8221; global_colors_info=&#8221;{}&#8221;][et_pb_fullwidth_image src=&#8221;https:\/\/metalogenia.org.br\/2025\/wp-content\/uploads\/2025\/04\/ilustra-salvador-home2-1.jpg&#8221; _builder_version=&#8221;4.27.4&#8243; _module_preset=&#8221;default&#8221; global_colors_info=&#8221;{}&#8221;][\/et_pb_fullwidth_image][\/et_pb_section]\n","protected":false},"excerpt":{"rendered":"<p>17 a 20 de agosto de 2025 | Salvador, BASeja bem-vindo aoVI Simp\u00f3sio Brasileiro de MetalogeniaO Simp\u00f3sio Brasileiro de Metalogenia (SBM) foi idealizado em 2005 pelo Prof. Jos\u00e9 Carlos Frantz, da UFRGS, com apoio da Society of Economic Geologists (SEG), de colegas de universidades como UnB, UNICAMP, USP e UFBA, de institui\u00e7\u00f5es governamentais (MME, CPRM [&hellip;]<\/p>\n","protected":false},"author":1,"featured_media":0,"parent":0,"menu_order":0,"comment_status":"closed","ping_status":"closed","template":"","meta":{"_et_pb_use_builder":"on","_et_pb_old_content":"","_et_gb_content_width":"","footnotes":""},"class_list":["post-12","page","type-page","status-publish","hentry"],"_links":{"self":[{"href":"https:\/\/metalogenia.org.br\/2025\/wp-json\/wp\/v2\/pages\/12","targetHints":{"allow":["GET"]}}],"collection":[{"href":"https:\/\/metalogenia.org.br\/2025\/wp-json\/wp\/v2\/pages"}],"about":[{"href":"https:\/\/metalogenia.org.br\/2025\/wp-json\/wp\/v2\/types\/page"}],"author":[{"embeddable":true,"href":"https:\/\/metalogenia.org.br\/2025\/wp-json\/wp\/v2\/users\/1"}],"replies":[{"embeddable":true,"href":"https:\/\/metalogenia.org.br\/2025\/wp-json\/wp\/v2\/comments?post=12"}],"version-history":[{"count":77,"href":"https:\/\/metalogenia.org.br\/2025\/wp-json\/wp\/v2\/pages\/12\/revisions"}],"predecessor-version":[{"id":1315,"href":"https:\/\/metalogenia.org.br\/2025\/wp-json\/wp\/v2\/pages\/12\/revisions\/1315"}],"wp:attachment":[{"href":"https:\/\/metalogenia.org.br\/2025\/wp-json\/wp\/v2\/media?parent=12"}],"curies":[{"name":"wp","href":"https:\/\/api.w.org\/{rel}","templated":true}]}}